{"id":1216,"date":"2023-06-18T12:55:02","date_gmt":"2023-06-18T12:55:02","guid":{"rendered":"https:\/\/biatech.pl\/?page_id=1216"},"modified":"2025-09-17T16:12:52","modified_gmt":"2025-09-17T16:12:52","slug":"sg2","status":"publish","type":"page","link":"https:\/\/biatech.pl\/en\/","title":{"rendered":"SG2"},"content":{"rendered":"<p>[et_pb_section fb_built=&#8221;1&#8243; fullwidth=&#8221;on&#8221; _builder_version=&#8221;4.21.0&#8243; _module_preset=&#8221;default&#8221; background_enable_image=&#8221;off&#8221; da_disable_devices=&#8221;off|off|off&#8221; global_colors_info=&#8221;{}&#8221; da_is_popup=&#8221;off&#8221; da_exit_intent=&#8221;off&#8221; da_has_close=&#8221;on&#8221; da_alt_close=&#8221;off&#8221; da_dark_close=&#8221;off&#8221; da_not_modal=&#8221;on&#8221; da_is_singular=&#8221;off&#8221; da_with_loader=&#8221;off&#8221; da_has_shadow=&#8221;on&#8221;][et_pb_fullwidth_slider _builder_version=&#8221;4.25.2&#8243; _module_preset=&#8221;default&#8221; module_alignment=&#8221;center&#8221; content_width=&#8221;63%&#8221; min_height=&#8221;470px&#8221; height=&#8221;470px&#8221; custom_margin=&#8221;||35px|||&#8221; custom_padding=&#8221;141px|||||&#8221; auto=&#8221;on&#8221; hover_transition_speed_curve=&#8221;ease-in-out&#8221; global_colors_info=&#8221;{}&#8221;][et_pb_slide image=&#8221;https:\/\/biatech.pl\/wp-content\/uploads\/2023\/06\/Logo-niebieskie-BIATECH.png&#8221; use_bg_overlay=&#8221;on&#8221; bg_overlay_color=&#8221;rgba(0,0,0,0.35)&#8221; use_text_overlay=&#8221;off&#8221; _builder_version=&#8221;4.25.2&#8243; _module_preset=&#8221;default&#8221; header_level=&#8221;h1&#8243; header_font=&#8221;|700|on|on|||||&#8221; header_text_align=&#8221;left&#8221; header_text_color=&#8221;#0C71C3&#8243; header_font_size=&#8221;79px&#8221; body_font=&#8221;|600|||||||&#8221; body_text_color=&#8221;#FFFFFF&#8221; body_font_size=&#8221;25px&#8221; body_line_height=&#8221;1.3em&#8221; background_enable_color=&#8221;off&#8221; background_image=&#8221;https:\/\/biatech.pl\/wp-content\/uploads\/2023\/06\/AdobeStock_508050025.jpeg&#8221; background_enable_image=&#8221;on&#8221; text_orientation=&#8221;left&#8221; background_layout=&#8221;light&#8221; link_option_url=&#8221;https:\/\/biatech.pl\/biatech\/&#8221; body_text_shadow_style=&#8221;preset1&#8243; global_colors_info=&#8221;{}&#8221; sticky_transition=&#8221;on&#8221;]<\/p>\n<p>Firma BIATECH jest liderem w bran\u017cy bezpiecze\u0144stwa przeciwpo\u017carowego, oferuj\u0105cy nowoczesne narz\u0119dzia do hydrant\u00f3w oraz zaawansowane urz\u0105dzenia serwisu hydrant\u00f3w. Specjalizujemy si\u0119 r\u00f3wnie\u017c w dostarczaniu urz\u0105dze\u0144 do badania wydajno\u015bci hydrant\u00f3w, kt\u00f3re gwarantuj\u0105 bezpiecze\u0144stwo i zgodno\u015b\u0107 z obowi\u0105zuj\u0105cymi normami.\u00a0 BIATECH to wiod\u0105ca w Polsce firma w sektorze narz\u0119dzi ppo\u017c.<\/p>\n<p>[\/et_pb_slide][et_pb_slide image=&#8221;https:\/\/biatech.pl\/wp-content\/uploads\/2023\/06\/techpres_logo.png&#8221; use_bg_overlay=&#8221;on&#8221; use_text_overlay=&#8221;off&#8221; _builder_version=&#8221;4.25.2&#8243; _dynamic_attributes=&#8221;link_option_url&#8221; _module_preset=&#8221;default&#8221; header_level=&#8221;h1&#8243; header_font=&#8221;|700|on||||||&#8221; header_text_align=&#8221;left&#8221; header_text_color=&#8221;#E02B20&#8243; body_font=&#8221;|600|||||||&#8221; body_text_color=&#8221;#FFFFFF&#8221; body_font_size=&#8221;22px&#8221; background_enable_color=&#8221;off&#8221; background_image=&#8221;https:\/\/biatech.pl\/wp-content\/uploads\/2023\/06\/AdobeStock_523318920.jpeg&#8221; background_enable_image=&#8221;on&#8221; z_index=&#8221;0&#8243; text_orientation=&#8221;left&#8221; width=&#8221;53%&#8221; custom_padding=&#8221;|0px||0px|false|false&#8221; hover_transition_duration=&#8221;500ms&#8221; link_option_url=&#8221;@ET-DC@eyJkeW5hbWljIjp0cnVlLCJjb250ZW50IjoicG9zdF9saW5rX3VybF9wYWdlIiwic2V0dGluZ3MiOnsicG9zdF9pZCI6Ijc2NiJ9fQ==@&#8221; global_colors_info=&#8221;{}&#8221; sticky_transition=&#8221;on&#8221;]<\/p>\n<p>Narz\u0119dzia do serwisu hydrant\u00f3w z serii TECHPRES to narz\u0119dzia i urz\u0105dzenia do serwisu hydrant\u00f3w i urz\u0105dze\u0144 ppo\u017c. o podwy\u017cszonej jako\u015bci i trwa\u0142o\u015bci. Narz\u0119dzia te zosta\u0142y wyprodukowane na pro\u015bb\u0119 naszych najwi\u0119kszych odbiorc\u00f3w (firmy wodoci\u0105gowe, rafineryjne, stoczniowe, kopalnie) gdzie narz\u0119dzia i urz\u0105dzenia do serwisu i badania wydajno\u015bci hydrant\u00f3w pracuj\u0105 w ekstremalnie trudnych warunkach.<\/p>\n<p>[\/et_pb_slide][et_pb_slide url_new_window=&#8221;on&#8221; _builder_version=&#8221;4.17.4&#8243; _module_preset=&#8221;default&#8221; background_image=&#8221;https:\/\/biatech.pl\/wp-content\/uploads\/2023\/06\/sklep_zapraszamy-kopia.png&#8221; background_enable_image=&#8221;on&#8221; link_option_url=&#8221;https:\/\/www.sklepbiatech.pl\/&#8221; global_colors_info=&#8221;{}&#8221; sticky_transition=&#8221;on&#8221;][\/et_pb_slide][\/et_pb_fullwidth_slider][\/et_pb_section][et_pb_section fb_built=&#8221;1&#8243; _builder_version=&#8221;4.17.4&#8243; _module_preset=&#8221;default&#8221; custom_margin=&#8221;-35px|||||&#8221; custom_padding=&#8221;5px||3px|||&#8221; da_disable_devices=&#8221;off|off|off&#8221; global_colors_info=&#8221;{}&#8221; da_is_popup=&#8221;off&#8221; da_exit_intent=&#8221;off&#8221; da_has_close=&#8221;on&#8221; da_alt_close=&#8221;off&#8221; da_dark_close=&#8221;off&#8221; da_not_modal=&#8221;on&#8221; da_is_singular=&#8221;off&#8221; da_with_loader=&#8221;off&#8221; da_has_shadow=&#8221;on&#8221;][et_pb_row column_structure=&#8221;1_3,1_3,1_3&#8243; _builder_version=&#8221;4.17.4&#8243; _module_preset=&#8221;default&#8221; global_colors_info=&#8221;{}&#8221;][et_pb_column type=&#8221;1_3&#8243; _builder_version=&#8221;4.17.4&#8243; _module_preset=&#8221;default&#8221; global_colors_info=&#8221;{}&#8221;][et_pb_blurb title=&#8221;BIATECH&#8221; image=&#8221;https:\/\/biatech.pl\/wp-content\/uploads\/2023\/06\/7hydro-test-plus-kopia.png&#8221; content_max_width=&#8221;370px&#8221; _builder_version=&#8221;4.17.4&#8243; _module_preset=&#8221;default&#8221; header_level=&#8221;h1&#8243; header_text_align=&#8221;center&#8221; header_text_color=&#8221;#0C71C3&#8243; header_font_size=&#8221;43px&#8221; body_font_size=&#8221;20px&#8221; max_width=&#8221;100%&#8221; module_alignment=&#8221;center&#8221; min_height=&#8221;560px&#8221; height=&#8221;560px&#8221; max_height=&#8221;560px&#8221; link_option_url=&#8221;https:\/\/biatech.pl\/biatech\/&#8221; box_shadow_style=&#8221;preset2&#8243; global_colors_info=&#8221;{}&#8221;]<\/p>\n<p>Nowoczesne narz\u0119dzia i urzadzenia do serwisu i konserwacji urz\u0105dze\u0144 ppo\u017c.<\/p>\n<p>[\/et_pb_blurb][\/et_pb_column][et_pb_column type=&#8221;1_3&#8243; _builder_version=&#8221;4.17.4&#8243; _module_preset=&#8221;default&#8221; global_colors_info=&#8221;{}&#8221;][et_pb_blurb title=&#8221;TECHPRES&#8221; image=&#8221;https:\/\/biatech.pl\/wp-content\/uploads\/2023\/06\/ful-kopia.png&#8221; content_max_width=&#8221;370px&#8221; _builder_version=&#8221;4.27.4&#8243; _module_preset=&#8221;default&#8221; header_level=&#8221;h1&#8243; header_text_align=&#8221;center&#8221; header_text_color=&#8221;#E02B20&#8243; header_font_size=&#8221;43px&#8221; body_font_size=&#8221;20px&#8221; max_width=&#8221;100%&#8221; module_alignment=&#8221;center&#8221; min_height=&#8221;560px&#8221; height=&#8221;560px&#8221; max_height=&#8221;560px&#8221; link_option_url=&#8221;https:\/\/techpres.pl\/&#8221; hover_enabled=&#8221;0&#8243; box_shadow_style=&#8221;preset2&#8243; global_colors_info=&#8221;{}&#8221; sticky_enabled=&#8221;0&#8243;]<\/p>\n<p>Nowoczesne narz\u0119dzia i urzadzenia do serwisu i konserwacji urz\u0105dze\u0144 ppo\u017c. o podwy\u017cszonej wytrzyma\u0142o\u015bci.<\/p>\n<p>[\/et_pb_blurb][\/et_pb_column][et_pb_column type=&#8221;1_3&#8243; _builder_version=&#8221;4.17.4&#8243; _module_preset=&#8221;default&#8221; global_colors_info=&#8221;{}&#8221;][et_pb_blurb title=&#8221;SZKOLENIA&#8221; image=&#8221;https:\/\/biatech.pl\/wp-content\/uploads\/2023\/06\/szkolenia.png&#8221; image_icon_width=&#8221;93%&#8221; content_max_width=&#8221;370px&#8221; _builder_version=&#8221;4.17.4&#8243; _module_preset=&#8221;default&#8221; header_level=&#8221;h1&#8243; header_text_align=&#8221;center&#8221; header_text_color=&#8221;#000000&#8243; header_font_size=&#8221;43px&#8221; body_font_size=&#8221;20px&#8221; image_icon_custom_margin=&#8221;24px||||false|false&#8221; max_width=&#8221;100%&#8221; module_alignment=&#8221;center&#8221; min_height=&#8221;560px&#8221; height=&#8221;560px&#8221; max_height=&#8221;560px&#8221; link_option_url=&#8221;https:\/\/szkoleniabiatech.pl\/&#8221; box_shadow_style=&#8221;preset2&#8243; global_colors_info=&#8221;{}&#8221;]<\/p>\n<p>Najwy\u017cszej jako\u015bci szkolenia konserwator\u00f3w i instalator\u00f3w urz\u0105dze\u0144 ppo\u017c. z bezterminowym certyfikatem<\/p>\n<p>[\/et_pb_blurb][\/et_pb_column][\/et_pb_row][\/et_pb_section][et_pb_section fb_built=&#8221;1&#8243; disabled_on=&#8221;on|on|on&#8221; _builder_version=&#8221;4.17.4&#8243; _module_preset=&#8221;default&#8221; min_height=&#8221;480px&#8221; height=&#8221;480px&#8221; custom_margin=&#8221;24px||-47px||false|false&#8221; custom_padding=&#8221;0px||0px|||&#8221; da_disable_devices=&#8221;off|off|off&#8221; disabled=&#8221;on&#8221; global_colors_info=&#8221;{}&#8221; da_is_popup=&#8221;off&#8221; da_exit_intent=&#8221;off&#8221; da_has_close=&#8221;on&#8221; da_alt_close=&#8221;off&#8221; da_dark_close=&#8221;off&#8221; da_not_modal=&#8221;on&#8221; da_is_singular=&#8221;off&#8221; da_with_loader=&#8221;off&#8221; da_has_shadow=&#8221;on&#8221;][et_pb_row _builder_version=&#8221;4.17.4&#8243; _dynamic_attributes=&#8221;link_option_url&#8221; _module_preset=&#8221;default&#8221; module_alignment=&#8221;center&#8221; min_height=&#8221;470px&#8221; height=&#8221;470px&#8221; max_height=&#8221;543px&#8221; custom_margin=&#8221;|auto|0px|auto|false|false&#8221; custom_padding=&#8221;0px||0px||false|false&#8221; link_option_url=&#8221;@ET-DC@eyJkeW5hbWljIjp0cnVlLCJjb250ZW50IjoicG9zdF9saW5rX3VybF9wYWdlIiwic2V0dGluZ3MiOnsicG9zdF9pZCI6IjgxIn19@&#8221; box_shadow_style=&#8221;preset2&#8243; global_colors_info=&#8221;{}&#8221;][et_pb_column type=&#8221;4_4&#8243; _builder_version=&#8221;4.21.0&#8243; _module_preset=&#8221;default&#8221; global_colors_info=&#8221;{}&#8221;][et_pb_slider show_arrows=&#8221;off&#8221; show_pagination=&#8221;off&#8221; _builder_version=&#8221;4.17.4&#8243; _module_preset=&#8221;default&#8221; custom_margin=&#8221;||-3px|||&#8221; custom_padding=&#8221;||140px|||&#8221; global_colors_info=&#8221;{}&#8221;][et_pb_slide button_text=&#8221;Sprawd\u017a WI\u0118CEJ&#8221; image=&#8221;https:\/\/biatech.pl\/wp-content\/uploads\/2023\/06\/logo.png&#8221; use_bg_overlay=&#8221;off&#8221; _builder_version=&#8221;4.17.4&#8243; _module_preset=&#8221;default&#8221; header_font=&#8221;|700|||||||&#8221; header_text_align=&#8221;right&#8221; body_font=&#8221;|600|||||||&#8221; body_text_color=&#8221;#FFFFFF&#8221; body_font_size=&#8221;26px&#8221; background_enable_color=&#8221;off&#8221; use_background_color_gradient=&#8221;on&#8221; background_color_gradient_direction=&#8221;125deg&#8221; background_color_gradient_stops=&#8221;#ffffff 25%|rgba(255,255,255,0) 65%&#8221; background_color_gradient_overlays_image=&#8221;on&#8221; background_image=&#8221;https:\/\/biatech.pl\/wp-content\/uploads\/2023\/06\/AdobeStock_452183185.jpeg&#8221; background_enable_image=&#8221;on&#8221; text_orientation=&#8221;right&#8221; body_text_shadow_style=&#8221;preset1&#8243; global_colors_info=&#8221;{}&#8221; sticky_transition=&#8221;on&#8221;]<\/p>\n<p>Kompleksowa us\u0142uga montarzu wysokiej klasy \u0142adowarek samochod\u00f3w w Twoim domu lub firmir<\/p>\n<p>[\/et_pb_slide][\/et_pb_slider][\/et_pb_column][\/et_pb_row][\/et_pb_section][et_pb_section fb_built=&#8221;1&#8243; disabled_on=&#8221;on|on|on&#8221; _builder_version=&#8221;4.21.0&#8243; _module_preset=&#8221;default&#8221; min_height=&#8221;279px&#8221; height=&#8221;440px&#8221; max_height=&#8221;440px&#8221; custom_margin=&#8221;66px||0px||false|false&#8221; custom_margin_last_edited=&#8221;off|desktop&#8221; custom_padding=&#8221;0px||0px|||&#8221; da_disable_devices=&#8221;off|off|off&#8221; disabled=&#8221;on&#8221; global_colors_info=&#8221;{}&#8221; da_is_popup=&#8221;off&#8221; da_exit_intent=&#8221;off&#8221; da_has_close=&#8221;on&#8221; da_alt_close=&#8221;off&#8221; da_dark_close=&#8221;off&#8221; da_not_modal=&#8221;on&#8221; da_is_singular=&#8221;off&#8221; da_with_loader=&#8221;off&#8221; da_has_shadow=&#8221;on&#8221;][et_pb_row _builder_version=&#8221;4.21.0&#8243; _module_preset=&#8221;default&#8221; min_height=&#8221;406.6px&#8221; height=&#8221;407px&#8221; max_height=&#8221;407px&#8221; custom_margin=&#8221;|auto|0px|auto|false|false&#8221; custom_padding=&#8221;14px||0px||false|false&#8221; link_option_url=&#8221;https:\/\/serwispolska.com.pl\/&#8221; global_colors_info=&#8221;{}&#8221;][et_pb_column type=&#8221;4_4&#8243; _builder_version=&#8221;4.21.0&#8243; _module_preset=&#8221;default&#8221; global_colors_info=&#8221;{}&#8221;][et_pb_slider show_arrows=&#8221;off&#8221; show_pagination=&#8221;off&#8221; _builder_version=&#8221;4.17.4&#8243; _module_preset=&#8221;default&#8221; module_alignment=&#8221;center&#8221; min_height=&#8221;384px&#8221; height=&#8221;390px&#8221; max_height=&#8221;384px&#8221; custom_margin=&#8221;0px||0px||false|false&#8221; custom_padding=&#8221;92px||113px||false|false&#8221; link_option_url=&#8221;https:\/\/serwispolska.com.pl\/&#8221; link_option_url_new_window=&#8221;on&#8221; global_colors_info=&#8221;{}&#8221;][et_pb_slide button_text=&#8221;Sprawd\u017a WI\u0118CEJ&#8221; button_link=&#8221;https:\/\/serwispolska.com.pl\/&#8221; image=&#8221;https:\/\/biatech.pl\/wp-content\/uploads\/2023\/06\/logo700.png&#8221; use_bg_overlay=&#8221;on&#8221; use_text_overlay=&#8221;off&#8221; _builder_version=&#8221;4.17.4&#8243; _module_preset=&#8221;default&#8221; header_font=&#8221;|700|||||||&#8221; header_text_align=&#8221;right&#8221; header_font_size=&#8221;25px&#8221; header_letter_spacing=&#8221;12px&#8221; header_line_height=&#8221;1.7em&#8221; body_font=&#8221;|600|||||||&#8221; body_text_color=&#8221;#FFFFFF&#8221; body_font_size=&#8221;19px&#8221; body_line_height=&#8221;1.3em&#8221; background_image=&#8221;https:\/\/biatech.pl\/wp-content\/uploads\/2023\/06\/Polska-Grupa-serwisowa.jpg&#8221; background_enable_image=&#8221;on&#8221; background_enable_mask_style=&#8221;on&#8221; background_mask_style=&#8221;caret&#8221; background_mask_color=&#8221;#000000&#8243; background_mask_size=&#8221;custom&#8221; background_mask_width=&#8221;83%&#8221; background_mask_height=&#8221;100%&#8221; background_mask_position=&#8221;center_left&#8221; background_mask_horizontal_offset=&#8221;-8%&#8221; text_orientation=&#8221;right&#8221; width=&#8221;90%&#8221; max_width=&#8221;90%&#8221; body_text_shadow_style=&#8221;preset1&#8243; global_colors_info=&#8221;{}&#8221; sticky_transition=&#8221;on&#8221;]<\/p>\n<p><span>Wykonujemy kompleksowe przegl\u0105dy infrastruktury przeciwpo\u017carowej oraz r\u0119cznego sprz\u0119tu ga\u015bniczego. Wystawiamy niezb\u0119dne dokumenty i certyfikaty.<\/span><\/p>\n<p>[\/et_pb_slide][\/et_pb_slider][\/et_pb_column][\/et_pb_row][\/et_pb_section][et_pb_section fb_built=&#8221;1&#8243; _builder_version=&#8221;4.21.0&#8243; _module_preset=&#8221;default&#8221; module_alignment=&#8221;center&#8221; custom_margin=&#8221;-10px||-11px||false|false&#8221; custom_padding=&#8221;0px|0px|0px|0px|false|false&#8221; da_disable_devices=&#8221;off|off|off&#8221; global_colors_info=&#8221;{}&#8221; da_is_popup=&#8221;off&#8221; da_exit_intent=&#8221;off&#8221; da_has_close=&#8221;on&#8221; da_alt_close=&#8221;off&#8221; da_dark_close=&#8221;off&#8221; da_not_modal=&#8221;on&#8221; da_is_singular=&#8221;off&#8221; da_with_loader=&#8221;off&#8221; da_has_shadow=&#8221;on&#8221;][et_pb_row _builder_version=&#8221;4.21.0&#8243; _module_preset=&#8221;default&#8221; global_colors_info=&#8221;{}&#8221;][et_pb_column type=&#8221;4_4&#8243; _builder_version=&#8221;4.21.0&#8243; _module_preset=&#8221;default&#8221; global_colors_info=&#8221;{}&#8221;][et_pb_image src=&#8221;https:\/\/biatech.pl\/wp-content\/uploads\/2023\/06\/sklep_zapraszamy-kopia.png&#8221; title_text=&#8221;sklep_zapraszamy kopia&#8221; url=&#8221;https:\/\/www.sklepbiatech.pl\/&#8221; url_new_window=&#8221;on&#8221; align=&#8221;center&#8221; force_fullwidth=&#8221;on&#8221; _builder_version=&#8221;4.17.4&#8243; _module_preset=&#8221;default&#8221; global_colors_info=&#8221;{}&#8221;][\/et_pb_image][\/et_pb_column][\/et_pb_row][\/et_pb_section]<\/p>\n","protected":false},"excerpt":{"rendered":"<p>Firma BIATECH jest liderem w bran\u017cy bezpiecze\u0144stwa przeciwpo\u017carowego, oferuj\u0105cy nowoczesne narz\u0119dzia do hydrant\u00f3w oraz zaawansowane urz\u0105dzenia serwisu hydrant\u00f3w. Specjalizujemy si\u0119 r\u00f3wnie\u017c w dostarczaniu urz\u0105dze\u0144 do badania wydajno\u015bci hydrant\u00f3w, kt\u00f3re gwarantuj\u0105 bezpiecze\u0144stwo i zgodno\u015b\u0107 z obowi\u0105zuj\u0105cymi normami.\u00a0 BIATECH to wiod\u0105ca w Polsce firma w sektorze narz\u0119dzi ppo\u017c.Narz\u0119dzia do serwisu hydrant\u00f3w z serii TECHPRES to narz\u0119dzia i [&hellip;]<\/p>\n","protected":false},"author":2,"featured_media":1782,"parent":0,"menu_order":0,"comment_status":"closed","ping_status":"closed","template":"","meta":{"_et_pb_use_builder":"on","_et_pb_old_content":"<!-- wp:divi\/placeholder \/-->","_et_gb_content_width":"","footnotes":""},"class_list":["post-1216","page","type-page","status-publish","has-post-thumbnail","hentry"],"yoast_head":"<!-- This site is optimized with the Yoast SEO Premium plugin v26.5 (Yoast SEO v27.4) - https:\/\/yoast.com\/product\/yoast-seo-premium-wordpress\/ -->\n<title>BIATECH sp. z o.o.<\/title>\n<meta name=\"description\" content=\"Producent narz\u0119dzi i urz\u0105dze\u0144 do serwisu urz\u0105dze\u0144 ppo\u017c. Szkolenia, sklep, serwis. Naszym atutem jest do\u015bwiadczenie i ogromna wiedza.\" \/>\n<meta name=\"robots\" content=\"index, follow, max-snippet:-1, max-image-preview:large, max-video-preview:-1\" \/>\n<link rel=\"canonical\" href=\"https:\/\/biatech.pl\/en\/\" \/>\n<meta property=\"og:locale\" content=\"en_GB\" \/>\n<meta property=\"og:type\" content=\"article\" \/>\n<meta property=\"og:title\" content=\"SG2\" \/>\n<meta property=\"og:description\" content=\"Producent narz\u0119dzi i urz\u0105dze\u0144 do serwisu urz\u0105dze\u0144 ppo\u017c. Szkolenia, sklep, serwis. Naszym atutem jest do\u015bwiadczenie i ogromna wiedza.\" \/>\n<meta property=\"og:url\" content=\"https:\/\/biatech.pl\/en\/\" \/>\n<meta property=\"og:site_name\" content=\"BIATECH sp. z o.o.\" \/>\n<meta property=\"article:publisher\" content=\"https:\/\/www.facebook.com\/BIATECHPL\" \/>\n<meta property=\"article:modified_time\" content=\"2025-09-17T16:12:52+00:00\" \/>\n<meta property=\"og:image\" content=\"https:\/\/biatech.pl\/wp-content\/uploads\/2022\/03\/5hydro-test-kopia.png\" \/>\n\t<meta property=\"og:image:width\" content=\"1200\" \/>\n\t<meta property=\"og:image:height\" content=\"1200\" \/>\n\t<meta property=\"og:image:type\" content=\"image\/png\" \/>\n<meta name=\"twitter:card\" content=\"summary_large_image\" \/>\n<meta name=\"twitter:label1\" content=\"Estimated reading time\" \/>\n\t<meta name=\"twitter:data1\" content=\"3 minutes\" \/>\n<script type=\"application\/ld+json\" class=\"yoast-schema-graph\">{\"@context\":\"https:\\\/\\\/schema.org\",\"@graph\":[{\"@type\":\"WebPage\",\"@id\":\"https:\\\/\\\/biatech.pl\\\/\",\"url\":\"https:\\\/\\\/biatech.pl\\\/\",\"name\":\"BIATECH sp. z o.o.\",\"isPartOf\":{\"@id\":\"https:\\\/\\\/biatech.pl\\\/#website\"},\"primaryImageOfPage\":{\"@id\":\"https:\\\/\\\/biatech.pl\\\/#primaryimage\"},\"image\":{\"@id\":\"https:\\\/\\\/biatech.pl\\\/#primaryimage\"},\"thumbnailUrl\":\"https:\\\/\\\/biatech.pl\\\/wp-content\\\/uploads\\\/2022\\\/03\\\/5hydro-test-kopia.png\",\"datePublished\":\"2023-06-18T12:55:02+00:00\",\"dateModified\":\"2025-09-17T16:12:52+00:00\",\"description\":\"Producent narz\u0119dzi i urz\u0105dze\u0144 do serwisu urz\u0105dze\u0144 ppo\u017c. Szkolenia, sklep, serwis. Naszym atutem jest do\u015bwiadczenie i ogromna wiedza.\",\"breadcrumb\":{\"@id\":\"https:\\\/\\\/biatech.pl\\\/#breadcrumb\"},\"inLanguage\":\"en-GB\",\"potentialAction\":[{\"@type\":\"ReadAction\",\"target\":[\"https:\\\/\\\/biatech.pl\\\/\"]}]},{\"@type\":\"ImageObject\",\"inLanguage\":\"en-GB\",\"@id\":\"https:\\\/\\\/biatech.pl\\\/#primaryimage\",\"url\":\"https:\\\/\\\/biatech.pl\\\/wp-content\\\/uploads\\\/2022\\\/03\\\/5hydro-test-kopia.png\",\"contentUrl\":\"https:\\\/\\\/biatech.pl\\\/wp-content\\\/uploads\\\/2022\\\/03\\\/5hydro-test-kopia.png\",\"width\":1200,\"height\":1200,\"caption\":\"Narz\u0119dzia i urz\u0105dzenia do serwisu hydrant\u00f3w i badania wydajno\u015bci hydrant\u00f3w\"},{\"@type\":\"BreadcrumbList\",\"@id\":\"https:\\\/\\\/biatech.pl\\\/#breadcrumb\",\"itemListElement\":[{\"@type\":\"ListItem\",\"position\":1,\"name\":\"Strona g\u0142\u00f3wna\",\"item\":\"https:\\\/\\\/biatech.pl\\\/\"},{\"@type\":\"ListItem\",\"position\":2,\"name\":\"SG2\"}]},{\"@type\":\"WebSite\",\"@id\":\"https:\\\/\\\/biatech.pl\\\/#website\",\"url\":\"https:\\\/\\\/biatech.pl\\\/\",\"name\":\"BIATECH sp. z o.o.\",\"description\":\"Producent narz\u0119dzi do badania hydrant\u00f3w\",\"publisher\":{\"@id\":\"https:\\\/\\\/biatech.pl\\\/#organization\"},\"alternateName\":\"Firma BIATECH jest liderem w bran\u017cy bezpiecze\u0144stwa przeciwpo\u017carowego\",\"potentialAction\":[{\"@type\":\"SearchAction\",\"target\":{\"@type\":\"EntryPoint\",\"urlTemplate\":\"https:\\\/\\\/biatech.pl\\\/?s={search_term_string}\"},\"query-input\":{\"@type\":\"PropertyValueSpecification\",\"valueRequired\":true,\"valueName\":\"search_term_string\"}}],\"inLanguage\":\"en-GB\"},{\"@type\":\"Organization\",\"@id\":\"https:\\\/\\\/biatech.pl\\\/#organization\",\"name\":\"BIATECH Sp. z o.o.\",\"url\":\"https:\\\/\\\/biatech.pl\\\/\",\"logo\":{\"@type\":\"ImageObject\",\"inLanguage\":\"en-GB\",\"@id\":\"https:\\\/\\\/biatech.pl\\\/#\\\/schema\\\/logo\\\/image\\\/\",\"url\":\"https:\\\/\\\/biatech.pl\\\/wp-content\\\/uploads\\\/2021\\\/10\\\/biatech_favicon.png\",\"contentUrl\":\"https:\\\/\\\/biatech.pl\\\/wp-content\\\/uploads\\\/2021\\\/10\\\/biatech_favicon.png\",\"width\":512,\"height\":512,\"caption\":\"BIATECH Sp. z o.o.\"},\"image\":{\"@id\":\"https:\\\/\\\/biatech.pl\\\/#\\\/schema\\\/logo\\\/image\\\/\"},\"sameAs\":[\"https:\\\/\\\/www.facebook.com\\\/BIATECHPL\",\"https:\\\/\\\/www.linkedin.com\\\/company\\\/biatech-bialystok\"]}]}<\/script>\n<!-- \/ Yoast SEO Premium plugin. -->","yoast_head_json":{"title":"BIATECH sp. z o.o.","description":"Producent narz\u0119dzi i urz\u0105dze\u0144 do serwisu urz\u0105dze\u0144 ppo\u017c. Szkolenia, sklep, serwis. Naszym atutem jest do\u015bwiadczenie i ogromna wiedza.","robots":{"index":"index","follow":"follow","max-snippet":"max-snippet:-1","max-image-preview":"max-image-preview:large","max-video-preview":"max-video-preview:-1"},"canonical":"https:\/\/biatech.pl\/en\/","og_locale":"en_GB","og_type":"article","og_title":"SG2","og_description":"Producent narz\u0119dzi i urz\u0105dze\u0144 do serwisu urz\u0105dze\u0144 ppo\u017c. Szkolenia, sklep, serwis. Naszym atutem jest do\u015bwiadczenie i ogromna wiedza.","og_url":"https:\/\/biatech.pl\/en\/","og_site_name":"BIATECH sp. z o.o.","article_publisher":"https:\/\/www.facebook.com\/BIATECHPL","article_modified_time":"2025-09-17T16:12:52+00:00","og_image":[{"width":1200,"height":1200,"url":"https:\/\/biatech.pl\/wp-content\/uploads\/2022\/03\/5hydro-test-kopia.png","type":"image\/png"}],"twitter_card":"summary_large_image","twitter_misc":{"Estimated reading time":"3 minutes"},"schema":{"@context":"https:\/\/schema.org","@graph":[{"@type":"WebPage","@id":"https:\/\/biatech.pl\/","url":"https:\/\/biatech.pl\/","name":"BIATECH sp. z o.o.","isPartOf":{"@id":"https:\/\/biatech.pl\/#website"},"primaryImageOfPage":{"@id":"https:\/\/biatech.pl\/#primaryimage"},"image":{"@id":"https:\/\/biatech.pl\/#primaryimage"},"thumbnailUrl":"https:\/\/biatech.pl\/wp-content\/uploads\/2022\/03\/5hydro-test-kopia.png","datePublished":"2023-06-18T12:55:02+00:00","dateModified":"2025-09-17T16:12:52+00:00","description":"Producent narz\u0119dzi i urz\u0105dze\u0144 do serwisu urz\u0105dze\u0144 ppo\u017c. Szkolenia, sklep, serwis. Naszym atutem jest do\u015bwiadczenie i ogromna wiedza.","breadcrumb":{"@id":"https:\/\/biatech.pl\/#breadcrumb"},"inLanguage":"en-GB","potentialAction":[{"@type":"ReadAction","target":["https:\/\/biatech.pl\/"]}]},{"@type":"ImageObject","inLanguage":"en-GB","@id":"https:\/\/biatech.pl\/#primaryimage","url":"https:\/\/biatech.pl\/wp-content\/uploads\/2022\/03\/5hydro-test-kopia.png","contentUrl":"https:\/\/biatech.pl\/wp-content\/uploads\/2022\/03\/5hydro-test-kopia.png","width":1200,"height":1200,"caption":"Narz\u0119dzia i urz\u0105dzenia do serwisu hydrant\u00f3w i badania wydajno\u015bci hydrant\u00f3w"},{"@type":"BreadcrumbList","@id":"https:\/\/biatech.pl\/#breadcrumb","itemListElement":[{"@type":"ListItem","position":1,"name":"Strona g\u0142\u00f3wna","item":"https:\/\/biatech.pl\/"},{"@type":"ListItem","position":2,"name":"SG2"}]},{"@type":"WebSite","@id":"https:\/\/biatech.pl\/#website","url":"https:\/\/biatech.pl\/","name":"BIATECH sp. z o.o.","description":"Manufacturer of hydrant testing tools","publisher":{"@id":"https:\/\/biatech.pl\/#organization"},"alternateName":"Firma BIATECH jest liderem w bran\u017cy bezpiecze\u0144stwa przeciwpo\u017carowego","potentialAction":[{"@type":"SearchAction","target":{"@type":"EntryPoint","urlTemplate":"https:\/\/biatech.pl\/?s={search_term_string}"},"query-input":{"@type":"PropertyValueSpecification","valueRequired":true,"valueName":"search_term_string"}}],"inLanguage":"en-GB"},{"@type":"Organization","@id":"https:\/\/biatech.pl\/#organization","name":"BIATECH Sp. z o.o.","url":"https:\/\/biatech.pl\/","logo":{"@type":"ImageObject","inLanguage":"en-GB","@id":"https:\/\/biatech.pl\/#\/schema\/logo\/image\/","url":"https:\/\/biatech.pl\/wp-content\/uploads\/2021\/10\/biatech_favicon.png","contentUrl":"https:\/\/biatech.pl\/wp-content\/uploads\/2021\/10\/biatech_favicon.png","width":512,"height":512,"caption":"BIATECH Sp. z o.o."},"image":{"@id":"https:\/\/biatech.pl\/#\/schema\/logo\/image\/"},"sameAs":["https:\/\/www.facebook.com\/BIATECHPL","https:\/\/www.linkedin.com\/company\/biatech-bialystok"]}]}},"_links":{"self":[{"href":"https:\/\/biatech.pl\/en\/wp-json\/wp\/v2\/pages\/1216","targetHints":{"allow":["GET"]}}],"collection":[{"href":"https:\/\/biatech.pl\/en\/wp-json\/wp\/v2\/pages"}],"about":[{"href":"https:\/\/biatech.pl\/en\/wp-json\/wp\/v2\/types\/page"}],"author":[{"embeddable":true,"href":"https:\/\/biatech.pl\/en\/wp-json\/wp\/v2\/users\/2"}],"replies":[{"embeddable":true,"href":"https:\/\/biatech.pl\/en\/wp-json\/wp\/v2\/comments?post=1216"}],"version-history":[{"count":16,"href":"https:\/\/biatech.pl\/en\/wp-json\/wp\/v2\/pages\/1216\/revisions"}],"predecessor-version":[{"id":254867,"href":"https:\/\/biatech.pl\/en\/wp-json\/wp\/v2\/pages\/1216\/revisions\/254867"}],"wp:featuredmedia":[{"embeddable":true,"href":"https:\/\/biatech.pl\/en\/wp-json\/wp\/v2\/media\/1782"}],"wp:attachment":[{"href":"https:\/\/biatech.pl\/en\/wp-json\/wp\/v2\/media?parent=1216"}],"curies":[{"name":"wp","href":"https:\/\/api.w.org\/{rel}","templated":true}]}}