{"id":1808,"date":"2022-03-14T13:46:22","date_gmt":"2022-03-14T13:46:22","guid":{"rendered":"https:\/\/biatech.pl\/?page_id=1808"},"modified":"2025-08-09T09:46:08","modified_gmt":"2025-08-09T09:46:08","slug":"seria-hydro-test","status":"publish","type":"page","link":"https:\/\/biatech.pl\/en\/biatech\/devices-for-hydrants\/series-hydro-test\/","title":{"rendered":"Hydrant test equipment BIATECH HYDRO-TEST series"},"content":{"rendered":"<p>[et_pb_section fb_built=&#8221;1&#8243; admin_label=&#8221;Produkty&#8221; _builder_version=&#8221;4.16&#8243; _module_preset=&#8221;default&#8221; background_color=&#8221;#393939&#8243; da_disable_devices=&#8221;off|off|off&#8221; collapsed=&#8221;on&#8221; global_colors_info=&#8221;{}&#8221; da_is_popup=&#8221;off&#8221; da_exit_intent=&#8221;off&#8221; da_has_close=&#8221;on&#8221; da_alt_close=&#8221;off&#8221; da_dark_close=&#8221;off&#8221; da_not_modal=&#8221;on&#8221; da_is_singular=&#8221;off&#8221; da_with_loader=&#8221;off&#8221; da_has_shadow=&#8221;on&#8221;][et_pb_row use_custom_gutter=&#8221;on&#8221; gutter_width=&#8221;2&#8243; admin_label=&#8221;Wiersz 1&#8243; _builder_version=&#8221;4.16&#8243; _module_preset=&#8221;default&#8221; custom_margin=&#8221;||-40px||false|false&#8221; global_colors_info=&#8221;{}&#8221;][et_pb_column type=&#8221;4_4&#8243; _builder_version=&#8221;4.16&#8243; _module_preset=&#8221;default&#8221; global_colors_info=&#8221;{}&#8221;][et_pb_text _builder_version=&#8221;4.25.2&#8243; _module_preset=&#8221;default&#8221; text_text_color=&#8221;RGBA(0,0,0,0)&#8221; text_orientation=&#8221;center&#8221; background_layout=&#8221;dark&#8221; custom_padding=&#8221;||4px|||&#8221; text_text_shadow_style=&#8221;preset2&#8243; text_text_shadow_color=&#8221;RGBA(0,0,0,0)&#8221; global_colors_info=&#8221;{}&#8221;]<\/p>\n<h2>Urz\u0105dzenia i narz\u0119dzia do badania i serwisowania hydrant\u00f3w HYDRO-TEST<\/h2>\n<p>[\/et_pb_text][\/et_pb_column][\/et_pb_row][et_pb_row column_structure=&#8221;1_2,1_2&#8243; use_custom_gutter=&#8221;on&#8221; gutter_width=&#8221;2&#8243; admin_label=&#8221;Wiersz 1&#8243; _builder_version=&#8221;4.16&#8243; _module_preset=&#8221;default&#8221; global_colors_info=&#8221;{}&#8221;][et_pb_column type=&#8221;1_2&#8243; _builder_version=&#8221;4.16&#8243; _module_preset=&#8221;default&#8221; global_colors_info=&#8221;{}&#8221;][et_pb_blurb title=&#8221;HYDRO-TEST&#8221; url=&#8221;@ET-DC@eyJkeW5hbWljIjp0cnVlLCJjb250ZW50IjoicG9zdF9saW5rX3VybF9wYWdlIiwic2V0dGluZ3MiOnsicG9zdF9pZCI6IjE3NzUifX0=@&#8221; image=&#8221;https:\/\/biatech.pl\/wp-content\/uploads\/2022\/03\/4hydro-test-kopia.png&#8221; alt=&#8221;Hydro-test W&#8221; _builder_version=&#8221;4.16&#8243; _dynamic_attributes=&#8221;url,link_option_url&#8221; _module_preset=&#8221;default&#8221; header_font=&#8221;Lato|700||on|||||&#8221; header_text_align=&#8221;center&#8221; header_text_color=&#8221;#FFFFFF&#8221; link_option_url=&#8221;@ET-DC@eyJkeW5hbWljIjp0cnVlLCJjb250ZW50IjoicG9zdF9saW5rX3VybF9wYWdlIiwic2V0dGluZ3MiOnsicG9zdF9pZCI6IjE3NzUifX0=@&#8221; custom_css_blurb_image=&#8221;background-color: white;||border-radius: 15px;&#8221; global_colors_info=&#8221;{}&#8221;][\/et_pb_blurb][\/et_pb_column][et_pb_column type=&#8221;1_2&#8243; _builder_version=&#8221;4.16&#8243; _module_preset=&#8221;default&#8221; global_colors_info=&#8221;{}&#8221;][et_pb_blurb title=&#8221;HYDRO-TEST PLUS&#8221; url=&#8221;@ET-DC@eyJkeW5hbWljIjp0cnVlLCJjb250ZW50IjoicG9zdF9saW5rX3VybF9wYWdlIiwic2V0dGluZ3MiOnsicG9zdF9pZCI6IjE3OTAifX0=@&#8221; image=&#8221;https:\/\/biatech.pl\/wp-content\/uploads\/2022\/03\/1hydro-test-plus-kopia.png&#8221; alt=&#8221;HYDRO-TEST&#8221; _builder_version=&#8221;4.16&#8243; _dynamic_attributes=&#8221;url,link_option_url&#8221; _module_preset=&#8221;default&#8221; header_font=&#8221;Lato|700||on|||||&#8221; header_text_align=&#8221;center&#8221; header_text_color=&#8221;#FFFFFF&#8221; link_option_url=&#8221;@ET-DC@eyJkeW5hbWljIjp0cnVlLCJjb250ZW50IjoicG9zdF9saW5rX3VybF9wYWdlIiwic2V0dGluZ3MiOnsicG9zdF9pZCI6IjE3OTAifX0=@&#8221; custom_css_blurb_image=&#8221;background-color: white;||border-radius: 15px;&#8221; global_colors_info=&#8221;{}&#8221;][\/et_pb_blurb][\/et_pb_column][\/et_pb_row][et_pb_row use_custom_gutter=&#8221;on&#8221; gutter_width=&#8221;2&#8243; admin_label=&#8221;Wiersz 1&#8243; _builder_version=&#8221;4.16&#8243; _module_preset=&#8221;default&#8221; custom_margin=&#8221;||-40px||false|false&#8221; global_colors_info=&#8221;{}&#8221;][et_pb_column type=&#8221;4_4&#8243; _builder_version=&#8221;4.16&#8243; _module_preset=&#8221;default&#8221; global_colors_info=&#8221;{}&#8221;][et_pb_text _builder_version=&#8221;4.25.2&#8243; _module_preset=&#8221;default&#8221; text_text_color=&#8221;RGBA(0,0,0,0)&#8221; text_orientation=&#8221;center&#8221; background_layout=&#8221;dark&#8221; custom_padding=&#8221;||4px|||&#8221; text_text_shadow_style=&#8221;preset2&#8243; text_text_shadow_color=&#8221;RGBA(0,0,0,0)&#8221; global_colors_info=&#8221;{}&#8221;]<\/p>\n<h2>Urz\u0105dzenia i\u00a0narz\u0119dzia\u00a0do badania i serwisowania hydrant\u00f3w wewn\u0119trznych HYDRO-TEST IN<\/h2>\n<p>[\/et_pb_text][\/et_pb_column][\/et_pb_row][et_pb_row column_structure=&#8221;1_2,1_2&#8243; use_custom_gutter=&#8221;on&#8221; gutter_width=&#8221;2&#8243; admin_label=&#8221;Wiersz 2&#8243; _builder_version=&#8221;4.16&#8243; _module_preset=&#8221;default&#8221; global_colors_info=&#8221;{}&#8221;][et_pb_column type=&#8221;1_2&#8243; _builder_version=&#8221;4.16&#8243; _module_preset=&#8221;default&#8221; global_colors_info=&#8221;{}&#8221;][et_pb_blurb title=&#8221;HYDRO-TEST IN&#8221; url=&#8221;@ET-DC@eyJkeW5hbWljIjp0cnVlLCJjb250ZW50IjoicG9zdF9saW5rX3VybF9wYWdlIiwic2V0dGluZ3MiOnsicG9zdF9pZCI6IjE4MjQifX0=@&#8221; image=&#8221;https:\/\/biatech.pl\/wp-content\/uploads\/2022\/03\/9in-kopia.png&#8221; alt=&#8221;HYDRO-TEST Z&#8221; _builder_version=&#8221;4.16&#8243; _dynamic_attributes=&#8221;url,link_option_url&#8221; _module_preset=&#8221;default&#8221; header_font=&#8221;Lato|700||on|||||&#8221; header_text_align=&#8221;center&#8221; header_text_color=&#8221;#FFFFFF&#8221; link_option_url=&#8221;@ET-DC@eyJkeW5hbWljIjp0cnVlLCJjb250ZW50IjoicG9zdF9saW5rX3VybF9wYWdlIiwic2V0dGluZ3MiOnsicG9zdF9pZCI6IjE4MjQifX0=@&#8221; custom_css_blurb_image=&#8221;background-color: white;||border-radius: 15px;&#8221; global_colors_info=&#8221;{}&#8221;][\/et_pb_blurb][\/et_pb_column][et_pb_column type=&#8221;1_2&#8243; _builder_version=&#8221;4.16&#8243; _module_preset=&#8221;default&#8221; global_colors_info=&#8221;{}&#8221;][et_pb_blurb title=&#8221;HYDRO-TEST IN PLUS&#8221; url=&#8221;@ET-DC@eyJkeW5hbWljIjp0cnVlLCJjb250ZW50IjoicG9zdF9saW5rX3VybF9wYWdlIiwic2V0dGluZ3MiOnsicG9zdF9pZCI6IjE4MzYifX0=@&#8221; image=&#8221;https:\/\/biatech.pl\/wp-content\/uploads\/2022\/03\/7in-plus-kopia.png&#8221; alt=&#8221;HYDRO-TEST Z&#8221; _builder_version=&#8221;4.16&#8243; _dynamic_attributes=&#8221;url,link_option_url&#8221; _module_preset=&#8221;default&#8221; header_font=&#8221;Lato|700||on|||||&#8221; header_text_align=&#8221;center&#8221; header_text_color=&#8221;#FFFFFF&#8221; link_option_url=&#8221;@ET-DC@eyJkeW5hbWljIjp0cnVlLCJjb250ZW50IjoicG9zdF9saW5rX3VybF9wYWdlIiwic2V0dGluZ3MiOnsicG9zdF9pZCI6IjE4MzYifX0=@&#8221; custom_css_blurb_image=&#8221;background-color: white;||border-radius: 15px;&#8221; global_colors_info=&#8221;{}&#8221;][\/et_pb_blurb][\/et_pb_column][\/et_pb_row][et_pb_row use_custom_gutter=&#8221;on&#8221; gutter_width=&#8221;2&#8243; admin_label=&#8221;Wiersz 1&#8243; _builder_version=&#8221;4.16&#8243; _module_preset=&#8221;default&#8221; custom_margin=&#8221;||-40px||false|false&#8221; global_colors_info=&#8221;{}&#8221;][et_pb_column type=&#8221;4_4&#8243; _builder_version=&#8221;4.16&#8243; _module_preset=&#8221;default&#8221; global_colors_info=&#8221;{}&#8221;][et_pb_text _builder_version=&#8221;4.25.2&#8243; _module_preset=&#8221;default&#8221; text_text_color=&#8221;RGBA(0,0,0,0)&#8221; text_orientation=&#8221;center&#8221; background_layout=&#8221;dark&#8221; custom_padding=&#8221;||4px|||&#8221; text_text_shadow_style=&#8221;preset2&#8243; text_text_shadow_color=&#8221;RGBA(0,0,0,0)&#8221; global_colors_info=&#8221;{}&#8221;]<\/p>\n<h2>Urz\u0105dzenia i\u00a0narz\u0119dzia do badania i serwisowania hydrant\u00f3w zewn\u0119trznych HYDRO-TEST OUT<\/h2>\n<p>[\/et_pb_text][\/et_pb_column][\/et_pb_row][et_pb_row column_structure=&#8221;1_2,1_2&#8243; use_custom_gutter=&#8221;on&#8221; gutter_width=&#8221;2&#8243; admin_label=&#8221;Wiersz 2&#8243; _builder_version=&#8221;4.16&#8243; _module_preset=&#8221;default&#8221; global_colors_info=&#8221;{}&#8221;][et_pb_column type=&#8221;1_2&#8243; _builder_version=&#8221;4.16&#8243; _module_preset=&#8221;default&#8221; global_colors_info=&#8221;{}&#8221;][et_pb_blurb title=&#8221;HYDRO-TEST OUT&#8221; url=&#8221;@ET-DC@eyJkeW5hbWljIjp0cnVlLCJjb250ZW50IjoicG9zdF9saW5rX3VybF9wYWdlIiwic2V0dGluZ3MiOnsicG9zdF9pZCI6IjE4NDIifX0=@&#8221; image=&#8221;https:\/\/biatech.pl\/wp-content\/uploads\/2022\/03\/6out-kopia.png&#8221; alt=&#8221;HYDRO-TEST Z&#8221; _builder_version=&#8221;4.16&#8243; _dynamic_attributes=&#8221;url,link_option_url&#8221; _module_preset=&#8221;default&#8221; header_font=&#8221;Lato|700||on|||||&#8221; header_text_align=&#8221;center&#8221; header_text_color=&#8221;#FFFFFF&#8221; link_option_url=&#8221;@ET-DC@eyJkeW5hbWljIjp0cnVlLCJjb250ZW50IjoicG9zdF9saW5rX3VybF9wYWdlIiwic2V0dGluZ3MiOnsicG9zdF9pZCI6IjE4NDIifX0=@&#8221; custom_css_blurb_image=&#8221;background-color: white;||border-radius: 15px;&#8221; global_colors_info=&#8221;{}&#8221;][\/et_pb_blurb][\/et_pb_column][et_pb_column type=&#8221;1_2&#8243; _builder_version=&#8221;4.16&#8243; _module_preset=&#8221;default&#8221; global_colors_info=&#8221;{}&#8221;][et_pb_blurb title=&#8221;HYDRO-TEST OUT PLUS&#8221; url=&#8221;@ET-DC@eyJkeW5hbWljIjp0cnVlLCJjb250ZW50IjoicG9zdF9saW5rX3VybF9wYWdlIiwic2V0dGluZ3MiOnsicG9zdF9pZCI6IjE4NTMifX0=@&#8221; image=&#8221;https:\/\/biatech.pl\/wp-content\/uploads\/2022\/03\/1out_plus-kopia.png&#8221; alt=&#8221;HYDRO-TEST Z&#8221; _builder_version=&#8221;4.16&#8243; _dynamic_attributes=&#8221;url,link_option_url&#8221; _module_preset=&#8221;default&#8221; header_font=&#8221;Lato|700||on|||||&#8221; header_text_align=&#8221;center&#8221; header_text_color=&#8221;#FFFFFF&#8221; link_option_url=&#8221;@ET-DC@eyJkeW5hbWljIjp0cnVlLCJjb250ZW50IjoicG9zdF9saW5rX3VybF9wYWdlIiwic2V0dGluZ3MiOnsicG9zdF9pZCI6IjE4NTMifX0=@&#8221; custom_css_blurb_image=&#8221;background-color: white;||border-radius: 15px;&#8221; global_colors_info=&#8221;{}&#8221;][\/et_pb_blurb][\/et_pb_column][\/et_pb_row][et_pb_row use_custom_gutter=&#8221;on&#8221; gutter_width=&#8221;2&#8243; admin_label=&#8221;Wiersz 1&#8243; _builder_version=&#8221;4.16&#8243; _module_preset=&#8221;default&#8221; custom_margin=&#8221;||-40px||false|false&#8221; global_colors_info=&#8221;{}&#8221;][et_pb_column type=&#8221;4_4&#8243; _builder_version=&#8221;4.16&#8243; _module_preset=&#8221;default&#8221; global_colors_info=&#8221;{}&#8221;][et_pb_text _builder_version=&#8221;4.16&#8243; _module_preset=&#8221;default&#8221; text_text_color=&#8221;#FFFFFF&#8221; text_font_size=&#8221;24px&#8221; text_line_height=&#8221;1.8em&#8221; text_orientation=&#8221;center&#8221; background_layout=&#8221;dark&#8221; custom_padding=&#8221;1px||4px|||&#8221; text_text_shadow_style=&#8221;preset2&#8243; text_text_shadow_blur_strength=&#8221;0.34em&#8221; text_text_shadow_color=&#8221;RGBA(255,255,255,0)&#8221; global_colors_info=&#8221;{}&#8221;]<\/p>\n<p>Urz\u0105dzenia wspomagaj\u0105ce badanie i serwisowanie hydrant\u00f3w<br \/>wewn\u0119trznych i zewn\u0119trznych<br \/>HYDRO-TEST LIGHT<\/p>\n<p>[\/et_pb_text][\/et_pb_column][\/et_pb_row][et_pb_row column_structure=&#8221;1_2,1_2&#8243; use_custom_gutter=&#8221;on&#8221; gutter_width=&#8221;2&#8243; admin_label=&#8221;Wiersz 2&#8243; _builder_version=&#8221;4.16&#8243; _module_preset=&#8221;default&#8221; global_colors_info=&#8221;{}&#8221;][et_pb_column type=&#8221;1_2&#8243; _builder_version=&#8221;4.16&#8243; _module_preset=&#8221;default&#8221; global_colors_info=&#8221;{}&#8221;][et_pb_blurb title=&#8221;HYDRO-TEST IN LIGHT&#8221; url=&#8221;@ET-DC@eyJkeW5hbWljIjp0cnVlLCJjb250ZW50IjoicG9zdF9saW5rX3VybF9wYWdlIiwic2V0dGluZ3MiOnsicG9zdF9pZCI6IjE4NjMifX0=@&#8221; image=&#8221;https:\/\/biatech.pl\/wp-content\/uploads\/2022\/03\/1_wew-kopia.png&#8221; alt=&#8221;HYDRO-TEST Z&#8221; _builder_version=&#8221;4.16&#8243; _dynamic_attributes=&#8221;url,link_option_url&#8221; _module_preset=&#8221;default&#8221; header_font=&#8221;Lato|700||on|||||&#8221; header_text_align=&#8221;center&#8221; header_text_color=&#8221;#FFFFFF&#8221; link_option_url=&#8221;@ET-DC@eyJkeW5hbWljIjp0cnVlLCJjb250ZW50IjoicG9zdF9saW5rX3VybF9wYWdlIiwic2V0dGluZ3MiOnsicG9zdF9pZCI6IjE4NjMifX0=@&#8221; custom_css_blurb_image=&#8221;background-color: white;||border-radius: 15px;&#8221; global_colors_info=&#8221;{}&#8221;][\/et_pb_blurb][\/et_pb_column][et_pb_column type=&#8221;1_2&#8243; _builder_version=&#8221;4.16&#8243; _module_preset=&#8221;default&#8221; global_colors_info=&#8221;{}&#8221;][et_pb_blurb title=&#8221;HYDRO-TEST OUT LIGHT&#8221; url=&#8221;@ET-DC@eyJkeW5hbWljIjp0cnVlLCJjb250ZW50IjoicG9zdF9saW5rX3VybF9wYWdlIiwic2V0dGluZ3MiOnsicG9zdF9pZCI6IjE4NzMifX0=@&#8221; image=&#8221;https:\/\/biatech.pl\/wp-content\/uploads\/2022\/03\/2_zew-kopia.png&#8221; alt=&#8221;HYDRO-TEST Z&#8221; _builder_version=&#8221;4.16&#8243; _dynamic_attributes=&#8221;url,link_option_url&#8221; _module_preset=&#8221;default&#8221; header_font=&#8221;Lato|700||on|||||&#8221; header_text_align=&#8221;center&#8221; header_text_color=&#8221;#FFFFFF&#8221; link_option_url=&#8221;@ET-DC@eyJkeW5hbWljIjp0cnVlLCJjb250ZW50IjoicG9zdF9saW5rX3VybF9wYWdlIiwic2V0dGluZ3MiOnsicG9zdF9pZCI6IjE4NzMifX0=@&#8221; custom_css_blurb_image=&#8221;background-color: white;||border-radius: 15px;&#8221; global_colors_info=&#8221;{}&#8221;][\/et_pb_blurb][\/et_pb_column][\/et_pb_row][\/et_pb_section]<\/p>\n","protected":false},"excerpt":{"rendered":"<p>Urz\u0105dzenia i narz\u0119dzia do badania i serwisowania hydrant\u00f3w HYDRO-TESTUrz\u0105dzenia i\u00a0narz\u0119dzia\u00a0do badania i serwisowania hydrant\u00f3w wewn\u0119trznych HYDRO-TEST INUrz\u0105dzenia i\u00a0narz\u0119dzia do badania i serwisowania hydrant\u00f3w zewn\u0119trznych HYDRO-TEST OUTUrz\u0105dzenia wspomagaj\u0105ce badanie i serwisowanie hydrant\u00f3wwewn\u0119trznych i zewn\u0119trznychHYDRO-TEST LIGHT<\/p>","protected":false},"author":2,"featured_media":1795,"parent":1803,"menu_order":0,"comment_status":"closed","ping_status":"closed","template":"","meta":{"_et_pb_use_builder":"on","_et_pb_old_content":"","_et_gb_content_width":"","footnotes":""},"class_list":["post-1808","page","type-page","status-publish","has-post-thumbnail","hentry"],"yoast_head":"<!-- This site is optimized with the Yoast SEO Premium plugin v26.5 (Yoast SEO v27.4) - https:\/\/yoast.com\/product\/yoast-seo-premium-wordpress\/ -->\n<title>BIATECH - Urz\u0105dzenia i narz\u0119dzia do badania wydajno\u015bci hydrant\u00f3w<\/title>\n<meta name=\"description\" content=\"BIATECH jest producentem najwy\u017cszej jako\u015bci urz\u0105dze\u0144 i narz\u0119dzi do serwisu hydrant\u00f3w zewn\u0119trznych i wewn\u0119trznych\" \/>\n<meta name=\"robots\" content=\"index, follow, max-snippet:-1, max-image-preview:large, max-video-preview:-1\" \/>\n<link rel=\"canonical\" href=\"https:\/\/biatech.pl\/en\/biatech\/devices-for-hydrants\/series-hydro-test\/\" \/>\n<meta property=\"og:locale\" content=\"en_GB\" \/>\n<meta property=\"og:type\" content=\"article\" \/>\n<meta property=\"og:title\" content=\"Urz\u0105dzenia do badania hydrant\u00f3w Seria BIATECH HYDRO-TEST\" \/>\n<meta property=\"og:description\" content=\"BIATECH jest producentem najwy\u017cszej jako\u015bci urz\u0105dze\u0144 i narz\u0119dzi do serwisu hydrant\u00f3w zewn\u0119trznych i wewn\u0119trznych\" \/>\n<meta property=\"og:url\" content=\"https:\/\/biatech.pl\/en\/biatech\/devices-for-hydrants\/series-hydro-test\/\" \/>\n<meta property=\"og:site_name\" content=\"BIATECH sp. z o.o.\" \/>\n<meta property=\"article:publisher\" content=\"https:\/\/www.facebook.com\/BIATECHPL\" \/>\n<meta property=\"article:modified_time\" content=\"2025-08-09T09:46:08+00:00\" \/>\n<meta property=\"og:image\" content=\"https:\/\/biatech.pl\/wp-content\/uploads\/2022\/03\/1hydro-test-plus-kopia.png\" \/>\n\t<meta property=\"og:image:width\" content=\"1200\" \/>\n\t<meta property=\"og:image:height\" content=\"1200\" \/>\n\t<meta property=\"og:image:type\" content=\"image\/png\" \/>\n<meta name=\"twitter:card\" content=\"summary_large_image\" \/>\n<meta name=\"twitter:label1\" content=\"Estimated reading time\" \/>\n\t<meta name=\"twitter:data1\" content=\"7 minutes\" \/>\n<script type=\"application\/ld+json\" class=\"yoast-schema-graph\">{\"@context\":\"https:\\\/\\\/schema.org\",\"@graph\":[{\"@type\":\"WebPage\",\"@id\":\"https:\\\/\\\/biatech.pl\\\/biatech\\\/urzadzenia-do-hydrantow\\\/seria-hydro-test\\\/\",\"url\":\"https:\\\/\\\/biatech.pl\\\/biatech\\\/urzadzenia-do-hydrantow\\\/seria-hydro-test\\\/\",\"name\":\"BIATECH - Urz\u0105dzenia i narz\u0119dzia do badania wydajno\u015bci hydrant\u00f3w\",\"isPartOf\":{\"@id\":\"https:\\\/\\\/biatech.pl\\\/#website\"},\"primaryImageOfPage\":{\"@id\":\"https:\\\/\\\/biatech.pl\\\/biatech\\\/urzadzenia-do-hydrantow\\\/seria-hydro-test\\\/#primaryimage\"},\"image\":{\"@id\":\"https:\\\/\\\/biatech.pl\\\/biatech\\\/urzadzenia-do-hydrantow\\\/seria-hydro-test\\\/#primaryimage\"},\"thumbnailUrl\":\"https:\\\/\\\/biatech.pl\\\/wp-content\\\/uploads\\\/2022\\\/03\\\/1hydro-test-plus-kopia.png\",\"datePublished\":\"2022-03-14T13:46:22+00:00\",\"dateModified\":\"2025-08-09T09:46:08+00:00\",\"description\":\"BIATECH jest producentem najwy\u017cszej jako\u015bci urz\u0105dze\u0144 i narz\u0119dzi do serwisu hydrant\u00f3w zewn\u0119trznych i wewn\u0119trznych\",\"breadcrumb\":{\"@id\":\"https:\\\/\\\/biatech.pl\\\/biatech\\\/urzadzenia-do-hydrantow\\\/seria-hydro-test\\\/#breadcrumb\"},\"inLanguage\":\"en-GB\",\"potentialAction\":[{\"@type\":\"ReadAction\",\"target\":[\"https:\\\/\\\/biatech.pl\\\/biatech\\\/urzadzenia-do-hydrantow\\\/seria-hydro-test\\\/\"]}]},{\"@type\":\"ImageObject\",\"inLanguage\":\"en-GB\",\"@id\":\"https:\\\/\\\/biatech.pl\\\/biatech\\\/urzadzenia-do-hydrantow\\\/seria-hydro-test\\\/#primaryimage\",\"url\":\"https:\\\/\\\/biatech.pl\\\/wp-content\\\/uploads\\\/2022\\\/03\\\/1hydro-test-plus-kopia.png\",\"contentUrl\":\"https:\\\/\\\/biatech.pl\\\/wp-content\\\/uploads\\\/2022\\\/03\\\/1hydro-test-plus-kopia.png\",\"width\":1200,\"height\":1200,\"caption\":\"HYDRO-TEST PLUS Narz\u0119dzia do serwisu hydrant\u00f3w Narz\u0119dzia i urz\u0105dzenia do serwisu hydrant\u00f3w i badania wydajno\u015bci hydrant\u00f3w\"},{\"@type\":\"BreadcrumbList\",\"@id\":\"https:\\\/\\\/biatech.pl\\\/biatech\\\/urzadzenia-do-hydrantow\\\/seria-hydro-test\\\/#breadcrumb\",\"itemListElement\":[{\"@type\":\"ListItem\",\"position\":1,\"name\":\"Strona g\u0142\u00f3wna\",\"item\":\"https:\\\/\\\/biatech.pl\\\/\"},{\"@type\":\"ListItem\",\"position\":2,\"name\":\"Biatech Sp. z o.o.\",\"item\":\"https:\\\/\\\/biatech.pl\\\/biatech\\\/\"},{\"@type\":\"ListItem\",\"position\":3,\"name\":\"Urz\u0105dzenia do badania hydrant\u00f3w zewn\u0119trznych i wewn\u0119trznych\",\"item\":\"https:\\\/\\\/biatech.pl\\\/biatech\\\/urzadzenia-do-hydrantow\\\/\"},{\"@type\":\"ListItem\",\"position\":4,\"name\":\"Urz\u0105dzenia do badania hydrant\u00f3w Seria BIATECH HYDRO-TEST\"}]},{\"@type\":\"WebSite\",\"@id\":\"https:\\\/\\\/biatech.pl\\\/#website\",\"url\":\"https:\\\/\\\/biatech.pl\\\/\",\"name\":\"BIATECH sp. z o.o.\",\"description\":\"Producent narz\u0119dzi do badania hydrant\u00f3w\",\"publisher\":{\"@id\":\"https:\\\/\\\/biatech.pl\\\/#organization\"},\"alternateName\":\"Firma BIATECH jest liderem w bran\u017cy bezpiecze\u0144stwa przeciwpo\u017carowego\",\"potentialAction\":[{\"@type\":\"SearchAction\",\"target\":{\"@type\":\"EntryPoint\",\"urlTemplate\":\"https:\\\/\\\/biatech.pl\\\/?s={search_term_string}\"},\"query-input\":{\"@type\":\"PropertyValueSpecification\",\"valueRequired\":true,\"valueName\":\"search_term_string\"}}],\"inLanguage\":\"en-GB\"},{\"@type\":\"Organization\",\"@id\":\"https:\\\/\\\/biatech.pl\\\/#organization\",\"name\":\"BIATECH Sp. z o.o.\",\"url\":\"https:\\\/\\\/biatech.pl\\\/\",\"logo\":{\"@type\":\"ImageObject\",\"inLanguage\":\"en-GB\",\"@id\":\"https:\\\/\\\/biatech.pl\\\/#\\\/schema\\\/logo\\\/image\\\/\",\"url\":\"https:\\\/\\\/biatech.pl\\\/wp-content\\\/uploads\\\/2021\\\/10\\\/biatech_favicon.png\",\"contentUrl\":\"https:\\\/\\\/biatech.pl\\\/wp-content\\\/uploads\\\/2021\\\/10\\\/biatech_favicon.png\",\"width\":512,\"height\":512,\"caption\":\"BIATECH Sp. z o.o.\"},\"image\":{\"@id\":\"https:\\\/\\\/biatech.pl\\\/#\\\/schema\\\/logo\\\/image\\\/\"},\"sameAs\":[\"https:\\\/\\\/www.facebook.com\\\/BIATECHPL\",\"https:\\\/\\\/www.linkedin.com\\\/company\\\/biatech-bialystok\"]}]}<\/script>\n<!-- \/ Yoast SEO Premium plugin. -->","yoast_head_json":{"title":"BIATECH - Equipment and tools for hydrant efficiency testing","description":"BIATECH is a manufacturer of top quality devices and tools for servicing external and internal hydrants","robots":{"index":"index","follow":"follow","max-snippet":"max-snippet:-1","max-image-preview":"max-image-preview:large","max-video-preview":"max-video-preview:-1"},"canonical":"https:\/\/biatech.pl\/en\/biatech\/devices-for-hydrants\/series-hydro-test\/","og_locale":"en_GB","og_type":"article","og_title":"Urz\u0105dzenia do badania hydrant\u00f3w Seria BIATECH HYDRO-TEST","og_description":"BIATECH jest producentem najwy\u017cszej jako\u015bci urz\u0105dze\u0144 i narz\u0119dzi do serwisu hydrant\u00f3w zewn\u0119trznych i wewn\u0119trznych","og_url":"https:\/\/biatech.pl\/en\/biatech\/devices-for-hydrants\/series-hydro-test\/","og_site_name":"BIATECH sp. z o.o.","article_publisher":"https:\/\/www.facebook.com\/BIATECHPL","article_modified_time":"2025-08-09T09:46:08+00:00","og_image":[{"width":1200,"height":1200,"url":"https:\/\/biatech.pl\/wp-content\/uploads\/2022\/03\/1hydro-test-plus-kopia.png","type":"image\/png"}],"twitter_card":"summary_large_image","twitter_misc":{"Estimated reading time":"7 minutes"},"schema":{"@context":"https:\/\/schema.org","@graph":[{"@type":"WebPage","@id":"https:\/\/biatech.pl\/biatech\/urzadzenia-do-hydrantow\/seria-hydro-test\/","url":"https:\/\/biatech.pl\/biatech\/urzadzenia-do-hydrantow\/seria-hydro-test\/","name":"BIATECH - Equipment and tools for hydrant efficiency testing","isPartOf":{"@id":"https:\/\/biatech.pl\/#website"},"primaryImageOfPage":{"@id":"https:\/\/biatech.pl\/biatech\/urzadzenia-do-hydrantow\/seria-hydro-test\/#primaryimage"},"image":{"@id":"https:\/\/biatech.pl\/biatech\/urzadzenia-do-hydrantow\/seria-hydro-test\/#primaryimage"},"thumbnailUrl":"https:\/\/biatech.pl\/wp-content\/uploads\/2022\/03\/1hydro-test-plus-kopia.png","datePublished":"2022-03-14T13:46:22+00:00","dateModified":"2025-08-09T09:46:08+00:00","description":"BIATECH is a manufacturer of top quality devices and tools for servicing external and internal hydrants","breadcrumb":{"@id":"https:\/\/biatech.pl\/biatech\/urzadzenia-do-hydrantow\/seria-hydro-test\/#breadcrumb"},"inLanguage":"en-GB","potentialAction":[{"@type":"ReadAction","target":["https:\/\/biatech.pl\/biatech\/urzadzenia-do-hydrantow\/seria-hydro-test\/"]}]},{"@type":"ImageObject","inLanguage":"en-GB","@id":"https:\/\/biatech.pl\/biatech\/urzadzenia-do-hydrantow\/seria-hydro-test\/#primaryimage","url":"https:\/\/biatech.pl\/wp-content\/uploads\/2022\/03\/1hydro-test-plus-kopia.png","contentUrl":"https:\/\/biatech.pl\/wp-content\/uploads\/2022\/03\/1hydro-test-plus-kopia.png","width":1200,"height":1200,"caption":"HYDRO-TEST PLUS Narz\u0119dzia do serwisu hydrant\u00f3w Narz\u0119dzia i urz\u0105dzenia do serwisu hydrant\u00f3w i badania wydajno\u015bci hydrant\u00f3w"},{"@type":"BreadcrumbList","@id":"https:\/\/biatech.pl\/biatech\/urzadzenia-do-hydrantow\/seria-hydro-test\/#breadcrumb","itemListElement":[{"@type":"ListItem","position":1,"name":"Strona g\u0142\u00f3wna","item":"https:\/\/biatech.pl\/"},{"@type":"ListItem","position":2,"name":"Biatech Sp. z o.o.","item":"https:\/\/biatech.pl\/biatech\/"},{"@type":"ListItem","position":3,"name":"Urz\u0105dzenia do badania hydrant\u00f3w zewn\u0119trznych i wewn\u0119trznych","item":"https:\/\/biatech.pl\/biatech\/urzadzenia-do-hydrantow\/"},{"@type":"ListItem","position":4,"name":"Urz\u0105dzenia do badania hydrant\u00f3w Seria BIATECH HYDRO-TEST"}]},{"@type":"WebSite","@id":"https:\/\/biatech.pl\/#website","url":"https:\/\/biatech.pl\/","name":"BIATECH sp. z o.o.","description":"Manufacturer of hydrant testing tools","publisher":{"@id":"https:\/\/biatech.pl\/#organization"},"alternateName":"Firma BIATECH jest liderem w bran\u017cy bezpiecze\u0144stwa przeciwpo\u017carowego","potentialAction":[{"@type":"SearchAction","target":{"@type":"EntryPoint","urlTemplate":"https:\/\/biatech.pl\/?s={search_term_string}"},"query-input":{"@type":"PropertyValueSpecification","valueRequired":true,"valueName":"search_term_string"}}],"inLanguage":"en-GB"},{"@type":"Organization","@id":"https:\/\/biatech.pl\/#organization","name":"BIATECH Sp. z o.o.","url":"https:\/\/biatech.pl\/","logo":{"@type":"ImageObject","inLanguage":"en-GB","@id":"https:\/\/biatech.pl\/#\/schema\/logo\/image\/","url":"https:\/\/biatech.pl\/wp-content\/uploads\/2021\/10\/biatech_favicon.png","contentUrl":"https:\/\/biatech.pl\/wp-content\/uploads\/2021\/10\/biatech_favicon.png","width":512,"height":512,"caption":"BIATECH Sp. z o.o."},"image":{"@id":"https:\/\/biatech.pl\/#\/schema\/logo\/image\/"},"sameAs":["https:\/\/www.facebook.com\/BIATECHPL","https:\/\/www.linkedin.com\/company\/biatech-bialystok"]}]}},"_links":{"self":[{"href":"https:\/\/biatech.pl\/en\/wp-json\/wp\/v2\/pages\/1808","targetHints":{"allow":["GET"]}}],"collection":[{"href":"https:\/\/biatech.pl\/en\/wp-json\/wp\/v2\/pages"}],"about":[{"href":"https:\/\/biatech.pl\/en\/wp-json\/wp\/v2\/types\/page"}],"author":[{"embeddable":true,"href":"https:\/\/biatech.pl\/en\/wp-json\/wp\/v2\/users\/2"}],"replies":[{"embeddable":true,"href":"https:\/\/biatech.pl\/en\/wp-json\/wp\/v2\/comments?post=1808"}],"version-history":[{"count":15,"href":"https:\/\/biatech.pl\/en\/wp-json\/wp\/v2\/pages\/1808\/revisions"}],"predecessor-version":[{"id":254862,"href":"https:\/\/biatech.pl\/en\/wp-json\/wp\/v2\/pages\/1808\/revisions\/254862"}],"up":[{"embeddable":true,"href":"https:\/\/biatech.pl\/en\/wp-json\/wp\/v2\/pages\/1803"}],"wp:featuredmedia":[{"embeddable":true,"href":"https:\/\/biatech.pl\/en\/wp-json\/wp\/v2\/media\/1795"}],"wp:attachment":[{"href":"https:\/\/biatech.pl\/en\/wp-json\/wp\/v2\/media?parent=1808"}],"curies":[{"name":"wp","href":"https:\/\/api.w.org\/{rel}","templated":true}]}}