{"id":511,"date":"2021-10-25T06:57:16","date_gmt":"2021-10-25T06:57:16","guid":{"rendered":"https:\/\/biatech.pl\/?page_id=511"},"modified":"2022-04-13T08:41:10","modified_gmt":"2022-04-13T08:41:10","slug":"intelligent-controllers","status":"publish","type":"page","link":"https:\/\/biatech.pl\/en\/biatech\/pumps-hydrophores-and-controls-2\/intelligent-controllers\/","title":{"rendered":"Intelligent pump controllers"},"content":{"rendered":"<p>[et_pb_section fb_built=&#8221;1&#8243; admin_label=&#8221;Header \/ Slider&#8221; _builder_version=&#8221;4.16&#8243; _module_preset=&#8221;default&#8221; background_image=&#8221;https:\/\/biatech.pl\/wp-content\/uploads\/2021\/11\/woda-1.png&#8221; custom_padding=&#8221;0px||0px||false|false&#8221; collapsed=&#8221;on&#8221; global_colors_info=&#8221;{}&#8221;][et_pb_row _builder_version=&#8221;4.16&#8243; _module_preset=&#8221;default&#8221; global_colors_info=&#8221;{}&#8221;][et_pb_column type=&#8221;4_4&#8243; _builder_version=&#8221;4.16&#8243; _module_preset=&#8221;default&#8221; global_colors_info=&#8221;{}&#8221;][et_pb_text _builder_version=&#8221;4.16&#8243; _module_preset=&#8221;default&#8221; header_font=&#8221;Lato|||on|||||&#8221; header_text_align=&#8221;center&#8221; header_text_color=&#8221;#FFFFFF&#8221; header_font_size=&#8221;2em&#8221; header_line_height=&#8221;1.2em&#8221; header_2_font=&#8221;Lato|700||on|||||&#8221; header_2_text_align=&#8221;center&#8221; header_2_text_color=&#8221;#FFFFFF&#8221; header_2_font_size=&#8221;32px&#8221; header_2_letter_spacing=&#8221;2px&#8221; header_2_line_height=&#8221;1.2em&#8221; link_option_url=&#8221;https:\/\/biatech.pl\/biatech\/&#8221; header_font_size_tablet=&#8221;&#8221; header_font_size_phone=&#8221;1.5em&#8221; header_font_size_last_edited=&#8221;on|phone&#8221; global_colors_info=&#8221;{}&#8221;]<\/p>\n<h1 style=\"text-align: center;\">pompy, hydrofory i urz\u0105dzenia steruj\u0105ce<\/h1>\n<h2 style=\"text-align: center;\"><\/h2>\n<p>[\/et_pb_text][et_pb_image src=&#8221;https:\/\/biatech.pl\/wp-content\/uploads\/2021\/11\/ITS_400-252&#215;300.png&#8221; alt=&#8221;Grafika przedstawia czerwone hydranty&#8221; title_text=&#8221;ITS_400&#8243; show_bottom_space=&#8221;off&#8221; align=&#8221;center&#8221; _builder_version=&#8221;4.16&#8243; _module_preset=&#8221;default&#8221; width=&#8221;16%&#8221; width_tablet=&#8221;40%&#8221; width_phone=&#8221;50%&#8221; width_last_edited=&#8221;on|tablet&#8221; global_colors_info=&#8221;{}&#8221;][\/et_pb_image][et_pb_text _builder_version=&#8221;4.16&#8243; _module_preset=&#8221;default&#8221; header_font=&#8221;Lato|||on|||||&#8221; header_text_align=&#8221;center&#8221; header_text_color=&#8221;#FFFFFF&#8221; header_line_height=&#8221;1.2em&#8221; header_2_font=&#8221;Lato|700||on|||||&#8221; header_2_text_align=&#8221;center&#8221; header_2_text_color=&#8221;#FFFFFF&#8221; header_2_font_size=&#8221;32px&#8221; header_2_letter_spacing=&#8221;2px&#8221; header_2_line_height=&#8221;1.2em&#8221; custom_margin=&#8221;5px||||false|false&#8221; global_colors_info=&#8221;{}&#8221;]<\/p>\n<h2>INTELIGENTNE STEROWNIKI POMP<\/h2>\n<p>[\/et_pb_text][\/et_pb_column][\/et_pb_row][\/et_pb_section][et_pb_section fb_built=&#8221;1&#8243; admin_label=&#8221;Produkty&#8221; _builder_version=&#8221;4.16&#8243; _module_preset=&#8221;default&#8221; background_color=&#8221;#393939&#8243; global_colors_info=&#8221;{}&#8221;][et_pb_row column_structure=&#8221;1_4,1_4,1_4,1_4&#8243; use_custom_gutter=&#8221;on&#8221; gutter_width=&#8221;2&#8243; admin_label=&#8221;Wiersz 1&#8243; _builder_version=&#8221;4.16&#8243; _module_preset=&#8221;default&#8221; global_colors_info=&#8221;{}&#8221;][et_pb_column type=&#8221;1_4&#8243; _builder_version=&#8221;4.16&#8243; _module_preset=&#8221;default&#8221; global_colors_info=&#8221;{}&#8221;][et_pb_blurb title=&#8221;ISP BIATECH VFA-20S&#8221; url=&#8221;@ET-DC@eyJkeW5hbWljIjp0cnVlLCJjb250ZW50IjoicG9zdF9saW5rX3VybF9wYWdlIiwic2V0dGluZ3MiOnsicG9zdF9pZCI6Ijg5MiJ9fQ==@&#8221; image=&#8221;https:\/\/biatech.pl\/wp-content\/uploads\/2021\/11\/ISP-BIATECH-VFA-20S-300&#215;300.png&#8221; alt=&#8221;Grafika przedstawia urz\u0105dzenie techniczne&#8221; _builder_version=&#8221;4.16&#8243; _dynamic_attributes=&#8221;url,link_option_url&#8221; _module_preset=&#8221;default&#8221; header_font=&#8221;Lato|700||on|||||&#8221; header_text_align=&#8221;center&#8221; header_text_color=&#8221;#FFFFFF&#8221; link_option_url=&#8221;@ET-DC@eyJkeW5hbWljIjp0cnVlLCJjb250ZW50IjoicG9zdF9saW5rX3VybF9wYWdlIiwic2V0dGluZ3MiOnsicG9zdF9pZCI6Ijg5MiJ9fQ==@&#8221; custom_css_blurb_image=&#8221;background-color: white;||border-radius: 15px;&#8221; global_colors_info=&#8221;{}&#8221;][\/et_pb_blurb][\/et_pb_column][et_pb_column type=&#8221;1_4&#8243; _builder_version=&#8221;4.16&#8243; _module_preset=&#8221;default&#8221; global_colors_info=&#8221;{}&#8221;][et_pb_blurb title=&#8221;ITS BIATECH VFA-20T&#8221; url=&#8221;@ET-DC@eyJkeW5hbWljIjp0cnVlLCJjb250ZW50IjoicG9zdF9saW5rX3VybF9wYWdlIiwic2V0dGluZ3MiOnsicG9zdF9pZCI6Ijg5OSJ9fQ==@&#8221; image=&#8221;https:\/\/biatech.pl\/wp-content\/uploads\/2021\/11\/ISP-BIATECH-VFA-20T-1-300&#215;300.png&#8221; alt=&#8221;Grafika przedstawia urz\u0105dzenie techniczne, jest to silnik.&#8221; _builder_version=&#8221;4.16&#8243; _dynamic_attributes=&#8221;url&#8221; _module_preset=&#8221;default&#8221; header_font=&#8221;Lato|700||on|||||&#8221; header_text_align=&#8221;center&#8221; header_text_color=&#8221;#FFFFFF&#8221; link_option_url=&#8221;\/biatechoferta\/techpres\/pompy-hydrofory-i-urzadzenia-sterujace\/sterowniki-inteligentne\/produkt-20\/&#8221; custom_css_blurb_image=&#8221;background-color: white;||border-radius: 15px;&#8221; global_colors_info=&#8221;{}&#8221;][\/et_pb_blurb][\/et_pb_column][et_pb_column type=&#8221;1_4&#8243; _builder_version=&#8221;4.16&#8243; _module_preset=&#8221;default&#8221; global_colors_info=&#8221;{}&#8221;][et_pb_blurb title=&#8221;ISP BIATECH VFA-10LM&#8221; url=&#8221;@ET-DC@eyJkeW5hbWljIjp0cnVlLCJjb250ZW50IjoicG9zdF9saW5rX3VybF9wYWdlIiwic2V0dGluZ3MiOnsicG9zdF9pZCI6IjkwNSJ9fQ==@&#8221; image=&#8221;https:\/\/biatech.pl\/wp-content\/uploads\/2021\/11\/ISP-BIATECH-VFA-10LM-300&#215;300.png&#8221; alt=&#8221;Grafika przedstawia agregat.&#8221; _builder_version=&#8221;4.16&#8243; _dynamic_attributes=&#8221;url&#8221; _module_preset=&#8221;default&#8221; header_font=&#8221;Lato|700||on|||||&#8221; header_text_align=&#8221;center&#8221; header_text_color=&#8221;#FFFFFF&#8221; link_option_url=&#8221;\/biatechoferta\/techpres\/pompy-hydrofory-i-urzadzenia-sterujace\/sterowniki-inteligentne\/produkt-20\/&#8221; custom_css_blurb_image=&#8221;background-color: white;||border-radius: 15px;&#8221; global_colors_info=&#8221;{}&#8221;][\/et_pb_blurb][\/et_pb_column][et_pb_column type=&#8221;1_4&#8243; _builder_version=&#8221;4.16&#8243; _module_preset=&#8221;default&#8221; global_colors_info=&#8221;{}&#8221;][et_pb_blurb title=&#8221;ISP BIATECH VFA-10LT 4kw 400V&#8221; url=&#8221;@ET-DC@eyJkeW5hbWljIjp0cnVlLCJjb250ZW50IjoicG9zdF9saW5rX3VybF9wYWdlIiwic2V0dGluZ3MiOnsicG9zdF9pZCI6IjkxMiJ9fQ==@&#8221; image=&#8221;https:\/\/biatech.pl\/wp-content\/uploads\/2021\/11\/ISP-BIATECH-VFA-10LT-300&#215;300.png&#8221; alt=&#8221;Grafika przedstawia urz\u0105dzenie techniczne. Jest to pompa.&#8221; _builder_version=&#8221;4.16&#8243; _dynamic_attributes=&#8221;url&#8221; _module_preset=&#8221;default&#8221; header_font=&#8221;Lato|700||on|||||&#8221; header_text_align=&#8221;center&#8221; header_text_color=&#8221;#FFFFFF&#8221; link_option_url=&#8221;\/biatechoferta\/techpres\/pompy-hydrofory-i-urzadzenia-sterujace\/sterowniki-inteligentne\/produkt-20\/&#8221; custom_css_blurb_image=&#8221;background-color: white;||border-radius: 15px;&#8221; global_colors_info=&#8221;{}&#8221;][\/et_pb_blurb][\/et_pb_column][\/et_pb_row][et_pb_row column_structure=&#8221;1_4,1_4,1_4,1_4&#8243; use_custom_gutter=&#8221;on&#8221; gutter_width=&#8221;2&#8243; admin_label=&#8221;Wiersz 2&#8243; _builder_version=&#8221;4.16&#8243; _module_preset=&#8221;default&#8221; global_colors_info=&#8221;{}&#8221;][et_pb_column type=&#8221;1_4&#8243; _builder_version=&#8221;4.16&#8243; _module_preset=&#8221;default&#8221; global_colors_info=&#8221;{}&#8221;][et_pb_blurb title=&#8221;ISP BIATECH DSK-18&#8243; url=&#8221;@ET-DC@eyJkeW5hbWljIjp0cnVlLCJjb250ZW50IjoicG9zdF9saW5rX3VybF9wYWdlIiwic2V0dGluZ3MiOnsicG9zdF9pZCI6IjkxNyJ9fQ==@&#8221; image=&#8221;https:\/\/biatech.pl\/wp-content\/uploads\/2021\/11\/dsk-18-300&#215;300.png&#8221; alt=&#8221;Grafika przedstawia urz\u0105dzenie techniczne&#8221; _builder_version=&#8221;4.16&#8243; _dynamic_attributes=&#8221;url&#8221; _module_preset=&#8221;default&#8221; header_font=&#8221;Lato|700||on|||||&#8221; header_text_align=&#8221;center&#8221; header_text_color=&#8221;#FFFFFF&#8221; link_option_url=&#8221;\/biatechoferta\/techpres\/pompy-hydrofory-i-urzadzenia-sterujace\/sterowniki-inteligentne\/produkt-20\/&#8221; custom_css_blurb_image=&#8221;background-color: white;||border-radius: 15px;&#8221; global_colors_info=&#8221;{}&#8221;][\/et_pb_blurb][\/et_pb_column][et_pb_column type=&#8221;1_4&#8243; _builder_version=&#8221;4.16&#8243; _module_preset=&#8221;default&#8221; global_colors_info=&#8221;{}&#8221;][et_pb_blurb title=&#8221;ISP BIATECH DSK-18L&#8221; url=&#8221;@ET-DC@eyJkeW5hbWljIjp0cnVlLCJjb250ZW50IjoicG9zdF9saW5rX3VybF9wYWdlIiwic2V0dGluZ3MiOnsicG9zdF9pZCI6IjkyMyJ9fQ==@&#8221; image=&#8221;https:\/\/biatech.pl\/wp-content\/uploads\/2021\/11\/dsk-18L-300&#215;300.png&#8221; alt=&#8221;Grafika przedstawia urz\u0105dzenie techniczne, jest to silnik.&#8221; _builder_version=&#8221;4.16&#8243; _dynamic_attributes=&#8221;url&#8221; _module_preset=&#8221;default&#8221; header_font=&#8221;Lato|700||on|||||&#8221; header_text_align=&#8221;center&#8221; header_text_color=&#8221;#FFFFFF&#8221; link_option_url=&#8221;\/biatechoferta\/techpres\/pompy-hydrofory-i-urzadzenia-sterujace\/sterowniki-inteligentne\/produkt-20\/&#8221; custom_css_blurb_image=&#8221;background-color: white;||border-radius: 15px;&#8221; global_colors_info=&#8221;{}&#8221;][\/et_pb_blurb][\/et_pb_column][et_pb_column type=&#8221;1_4&#8243; _builder_version=&#8221;4.16&#8243; _module_preset=&#8221;default&#8221; global_colors_info=&#8221;{}&#8221;][et_pb_blurb title=&#8221;Produkt 7&#8243; url=&#8221;\/biatechoferta\/techpres\/pompy-hydrofory-i-urzadzenia-sterujace\/sterowniki-inteligentne\/produkt-20\/&#8221; image=&#8221;https:\/\/biatech.pl\/wp-content\/uploads\/2021\/10\/biatech_oferta_produkt4.png&#8221; alt=&#8221;Grafika przedstawia agregat.&#8221; disabled_on=&#8221;on|on|on&#8221; _builder_version=&#8221;4.16&#8243; _module_preset=&#8221;default&#8221; header_font=&#8221;Lato|700||on|||||&#8221; header_text_align=&#8221;center&#8221; header_text_color=&#8221;#FFFFFF&#8221; link_option_url=&#8221;\/biatechoferta\/techpres\/pompy-hydrofory-i-urzadzenia-sterujace\/sterowniki-inteligentne\/produkt-20\/&#8221; custom_css_blurb_image=&#8221;background-color: white;||border-radius: 15px;&#8221; disabled=&#8221;on&#8221; global_colors_info=&#8221;{}&#8221;][\/et_pb_blurb][\/et_pb_column][et_pb_column type=&#8221;1_4&#8243; _builder_version=&#8221;4.16&#8243; _module_preset=&#8221;default&#8221; global_colors_info=&#8221;{}&#8221;][et_pb_blurb title=&#8221;Produkt 8&#8243; url=&#8221;\/biatechoferta\/techpres\/pompy-hydrofory-i-urzadzenia-sterujace\/sterowniki-inteligentne\/produkt-20\/&#8221; image=&#8221;https:\/\/biatech.pl\/wp-content\/uploads\/2021\/10\/biatech_oferta_produkt1.png&#8221; alt=&#8221;Grafika przedstawia urz\u0105dzenie techniczne. Jest to pompa.&#8221; disabled_on=&#8221;on|on|on&#8221; _builder_version=&#8221;4.16&#8243; _module_preset=&#8221;default&#8221; header_font=&#8221;Lato|700||on|||||&#8221; header_text_align=&#8221;center&#8221; header_text_color=&#8221;#FFFFFF&#8221; link_option_url=&#8221;\/biatechoferta\/techpres\/pompy-hydrofory-i-urzadzenia-sterujace\/sterowniki-inteligentne\/produkt-20\/&#8221; custom_css_blurb_image=&#8221;background-color: white;||border-radius: 15px;&#8221; disabled=&#8221;on&#8221; global_colors_info=&#8221;{}&#8221;][\/et_pb_blurb][\/et_pb_column][\/et_pb_row][\/et_pb_section]<\/p>\n","protected":false},"excerpt":{"rendered":"<p>pompy, hydrofory i urz\u0105dzenia steruj\u0105ce INTELIGENTNE STEROWNIKI POMP<\/p>","protected":false},"author":2,"featured_media":889,"parent":471,"menu_order":0,"comment_status":"closed","ping_status":"closed","template":"","meta":{"_et_pb_use_builder":"on","_et_pb_old_content":"","_et_gb_content_width":"","footnotes":""},"class_list":["post-511","page","type-page","status-publish","has-post-thumbnail","hentry"],"yoast_head":"<!-- This site is optimized with the Yoast SEO Premium plugin v26.5 (Yoast SEO v27.4) - https:\/\/yoast.com\/product\/yoast-seo-premium-wordpress\/ -->\n<title>BIATECH - inteligentne sterowniki i falowniki pomp wody<\/title>\n<meta name=\"description\" content=\"Jeste\u015bmy producentem inteligentnych sterownik\u00f3w i falownik\u00f3w do pomp wody. Nasze produkty usprawniaj\u0105 dzia\u0142anie pomp i zmniejszaj\u0105 zu\u017cycie pr\u0105du.\" \/>\n<meta name=\"robots\" content=\"index, follow, max-snippet:-1, max-image-preview:large, max-video-preview:-1\" \/>\n<link rel=\"canonical\" href=\"https:\/\/biatech.pl\/en\/biatech\/pumps-hydrophores-and-controls-2\/intelligent-controllers\/\" \/>\n<meta property=\"og:locale\" content=\"en_GB\" \/>\n<meta property=\"og:type\" content=\"article\" \/>\n<meta property=\"og:title\" content=\"Sterowniki inteligentne pomp\" \/>\n<meta property=\"og:description\" content=\"Jeste\u015bmy producentem inteligentnych sterownik\u00f3w i falownik\u00f3w do pomp wody. Nasze produkty usprawniaj\u0105 dzia\u0142anie pomp i zmniejszaj\u0105 zu\u017cycie pr\u0105du.\" \/>\n<meta property=\"og:url\" content=\"https:\/\/biatech.pl\/en\/biatech\/pumps-hydrophores-and-controls-2\/intelligent-controllers\/\" \/>\n<meta property=\"og:site_name\" content=\"BIATECH sp. z o.o.\" \/>\n<meta property=\"article:publisher\" content=\"https:\/\/www.facebook.com\/BIATECHPL\" \/>\n<meta property=\"article:modified_time\" content=\"2022-04-13T08:41:10+00:00\" \/>\n<meta property=\"og:image\" content=\"https:\/\/biatech.pl\/wp-content\/uploads\/2021\/11\/ITS_400.png\" \/>\n\t<meta property=\"og:image:width\" content=\"400\" \/>\n\t<meta property=\"og:image:height\" content=\"476\" \/>\n\t<meta property=\"og:image:type\" content=\"image\/png\" \/>\n<meta name=\"twitter:card\" content=\"summary_large_image\" \/>\n<meta name=\"twitter:label1\" content=\"Estimated reading time\" \/>\n\t<meta name=\"twitter:data1\" content=\"6 minutes\" \/>\n<script type=\"application\/ld+json\" class=\"yoast-schema-graph\">{\"@context\":\"https:\\\/\\\/schema.org\",\"@graph\":[{\"@type\":\"WebPage\",\"@id\":\"https:\\\/\\\/biatech.pl\\\/biatech\\\/pompy-hydrofory-i-urzadzenia-sterujace\\\/sterowniki-inteligentne\\\/\",\"url\":\"https:\\\/\\\/biatech.pl\\\/biatech\\\/pompy-hydrofory-i-urzadzenia-sterujace\\\/sterowniki-inteligentne\\\/\",\"name\":\"BIATECH - inteligentne sterowniki i falowniki pomp wody\",\"isPartOf\":{\"@id\":\"https:\\\/\\\/biatech.pl\\\/#website\"},\"primaryImageOfPage\":{\"@id\":\"https:\\\/\\\/biatech.pl\\\/biatech\\\/pompy-hydrofory-i-urzadzenia-sterujace\\\/sterowniki-inteligentne\\\/#primaryimage\"},\"image\":{\"@id\":\"https:\\\/\\\/biatech.pl\\\/biatech\\\/pompy-hydrofory-i-urzadzenia-sterujace\\\/sterowniki-inteligentne\\\/#primaryimage\"},\"thumbnailUrl\":\"https:\\\/\\\/biatech.pl\\\/wp-content\\\/uploads\\\/2021\\\/11\\\/ITS_400.png\",\"datePublished\":\"2021-10-25T06:57:16+00:00\",\"dateModified\":\"2022-04-13T08:41:10+00:00\",\"description\":\"Jeste\u015bmy producentem inteligentnych sterownik\u00f3w i falownik\u00f3w do pomp wody. Nasze produkty usprawniaj\u0105 dzia\u0142anie pomp i zmniejszaj\u0105 zu\u017cycie pr\u0105du.\",\"breadcrumb\":{\"@id\":\"https:\\\/\\\/biatech.pl\\\/biatech\\\/pompy-hydrofory-i-urzadzenia-sterujace\\\/sterowniki-inteligentne\\\/#breadcrumb\"},\"inLanguage\":\"en-GB\",\"potentialAction\":[{\"@type\":\"ReadAction\",\"target\":[\"https:\\\/\\\/biatech.pl\\\/biatech\\\/pompy-hydrofory-i-urzadzenia-sterujace\\\/sterowniki-inteligentne\\\/\"]}]},{\"@type\":\"ImageObject\",\"inLanguage\":\"en-GB\",\"@id\":\"https:\\\/\\\/biatech.pl\\\/biatech\\\/pompy-hydrofory-i-urzadzenia-sterujace\\\/sterowniki-inteligentne\\\/#primaryimage\",\"url\":\"https:\\\/\\\/biatech.pl\\\/wp-content\\\/uploads\\\/2021\\\/11\\\/ITS_400.png\",\"contentUrl\":\"https:\\\/\\\/biatech.pl\\\/wp-content\\\/uploads\\\/2021\\\/11\\\/ITS_400.png\",\"width\":400,\"height\":476,\"caption\":\"Falownik i sterowniki pomp Inteligentny sterownik pomp\"},{\"@type\":\"BreadcrumbList\",\"@id\":\"https:\\\/\\\/biatech.pl\\\/biatech\\\/pompy-hydrofory-i-urzadzenia-sterujace\\\/sterowniki-inteligentne\\\/#breadcrumb\",\"itemListElement\":[{\"@type\":\"ListItem\",\"position\":1,\"name\":\"Strona g\u0142\u00f3wna\",\"item\":\"https:\\\/\\\/biatech.pl\\\/\"},{\"@type\":\"ListItem\",\"position\":2,\"name\":\"Biatech Sp. z o.o.\",\"item\":\"https:\\\/\\\/biatech.pl\\\/biatech\\\/\"},{\"@type\":\"ListItem\",\"position\":3,\"name\":\"Pompy, Hydrofory i urz\u0105dzenia steruj\u0105ce\",\"item\":\"https:\\\/\\\/biatech.pl\\\/biatech\\\/pompy-hydrofory-i-urzadzenia-sterujace\\\/\"},{\"@type\":\"ListItem\",\"position\":4,\"name\":\"Sterowniki inteligentne pomp\"}]},{\"@type\":\"WebSite\",\"@id\":\"https:\\\/\\\/biatech.pl\\\/#website\",\"url\":\"https:\\\/\\\/biatech.pl\\\/\",\"name\":\"BIATECH sp. z o.o.\",\"description\":\"Producent narz\u0119dzi do badania hydrant\u00f3w\",\"publisher\":{\"@id\":\"https:\\\/\\\/biatech.pl\\\/#organization\"},\"alternateName\":\"Firma BIATECH jest liderem w bran\u017cy bezpiecze\u0144stwa przeciwpo\u017carowego\",\"potentialAction\":[{\"@type\":\"SearchAction\",\"target\":{\"@type\":\"EntryPoint\",\"urlTemplate\":\"https:\\\/\\\/biatech.pl\\\/?s={search_term_string}\"},\"query-input\":{\"@type\":\"PropertyValueSpecification\",\"valueRequired\":true,\"valueName\":\"search_term_string\"}}],\"inLanguage\":\"en-GB\"},{\"@type\":\"Organization\",\"@id\":\"https:\\\/\\\/biatech.pl\\\/#organization\",\"name\":\"BIATECH Sp. z o.o.\",\"url\":\"https:\\\/\\\/biatech.pl\\\/\",\"logo\":{\"@type\":\"ImageObject\",\"inLanguage\":\"en-GB\",\"@id\":\"https:\\\/\\\/biatech.pl\\\/#\\\/schema\\\/logo\\\/image\\\/\",\"url\":\"https:\\\/\\\/biatech.pl\\\/wp-content\\\/uploads\\\/2021\\\/10\\\/biatech_favicon.png\",\"contentUrl\":\"https:\\\/\\\/biatech.pl\\\/wp-content\\\/uploads\\\/2021\\\/10\\\/biatech_favicon.png\",\"width\":512,\"height\":512,\"caption\":\"BIATECH Sp. z o.o.\"},\"image\":{\"@id\":\"https:\\\/\\\/biatech.pl\\\/#\\\/schema\\\/logo\\\/image\\\/\"},\"sameAs\":[\"https:\\\/\\\/www.facebook.com\\\/BIATECHPL\",\"https:\\\/\\\/www.linkedin.com\\\/company\\\/biatech-bialystok\"]}]}<\/script>\n<!-- \/ Yoast SEO Premium plugin. -->","yoast_head_json":{"title":"BIATECH - intelligent water pump controllers and inverters","description":"We are a manufacturer of intelligent controllers and inverters for water pumps. Our products improve pump operation and reduce power consumption.","robots":{"index":"index","follow":"follow","max-snippet":"max-snippet:-1","max-image-preview":"max-image-preview:large","max-video-preview":"max-video-preview:-1"},"canonical":"https:\/\/biatech.pl\/en\/biatech\/pumps-hydrophores-and-controls-2\/intelligent-controllers\/","og_locale":"en_GB","og_type":"article","og_title":"Sterowniki inteligentne pomp","og_description":"Jeste\u015bmy producentem inteligentnych sterownik\u00f3w i falownik\u00f3w do pomp wody. Nasze produkty usprawniaj\u0105 dzia\u0142anie pomp i zmniejszaj\u0105 zu\u017cycie pr\u0105du.","og_url":"https:\/\/biatech.pl\/en\/biatech\/pumps-hydrophores-and-controls-2\/intelligent-controllers\/","og_site_name":"BIATECH sp. z o.o.","article_publisher":"https:\/\/www.facebook.com\/BIATECHPL","article_modified_time":"2022-04-13T08:41:10+00:00","og_image":[{"width":400,"height":476,"url":"https:\/\/biatech.pl\/wp-content\/uploads\/2021\/11\/ITS_400.png","type":"image\/png"}],"twitter_card":"summary_large_image","twitter_misc":{"Estimated reading time":"6 minutes"},"schema":{"@context":"https:\/\/schema.org","@graph":[{"@type":"WebPage","@id":"https:\/\/biatech.pl\/biatech\/pompy-hydrofory-i-urzadzenia-sterujace\/sterowniki-inteligentne\/","url":"https:\/\/biatech.pl\/biatech\/pompy-hydrofory-i-urzadzenia-sterujace\/sterowniki-inteligentne\/","name":"BIATECH - intelligent water pump controllers and inverters","isPartOf":{"@id":"https:\/\/biatech.pl\/#website"},"primaryImageOfPage":{"@id":"https:\/\/biatech.pl\/biatech\/pompy-hydrofory-i-urzadzenia-sterujace\/sterowniki-inteligentne\/#primaryimage"},"image":{"@id":"https:\/\/biatech.pl\/biatech\/pompy-hydrofory-i-urzadzenia-sterujace\/sterowniki-inteligentne\/#primaryimage"},"thumbnailUrl":"https:\/\/biatech.pl\/wp-content\/uploads\/2021\/11\/ITS_400.png","datePublished":"2021-10-25T06:57:16+00:00","dateModified":"2022-04-13T08:41:10+00:00","description":"We are a manufacturer of intelligent controllers and inverters for water pumps. Our products improve pump operation and reduce power consumption.","breadcrumb":{"@id":"https:\/\/biatech.pl\/biatech\/pompy-hydrofory-i-urzadzenia-sterujace\/sterowniki-inteligentne\/#breadcrumb"},"inLanguage":"en-GB","potentialAction":[{"@type":"ReadAction","target":["https:\/\/biatech.pl\/biatech\/pompy-hydrofory-i-urzadzenia-sterujace\/sterowniki-inteligentne\/"]}]},{"@type":"ImageObject","inLanguage":"en-GB","@id":"https:\/\/biatech.pl\/biatech\/pompy-hydrofory-i-urzadzenia-sterujace\/sterowniki-inteligentne\/#primaryimage","url":"https:\/\/biatech.pl\/wp-content\/uploads\/2021\/11\/ITS_400.png","contentUrl":"https:\/\/biatech.pl\/wp-content\/uploads\/2021\/11\/ITS_400.png","width":400,"height":476,"caption":"Falownik i sterowniki pomp Inteligentny sterownik pomp"},{"@type":"BreadcrumbList","@id":"https:\/\/biatech.pl\/biatech\/pompy-hydrofory-i-urzadzenia-sterujace\/sterowniki-inteligentne\/#breadcrumb","itemListElement":[{"@type":"ListItem","position":1,"name":"Strona g\u0142\u00f3wna","item":"https:\/\/biatech.pl\/"},{"@type":"ListItem","position":2,"name":"Biatech Sp. z o.o.","item":"https:\/\/biatech.pl\/biatech\/"},{"@type":"ListItem","position":3,"name":"Pompy, Hydrofory i urz\u0105dzenia steruj\u0105ce","item":"https:\/\/biatech.pl\/biatech\/pompy-hydrofory-i-urzadzenia-sterujace\/"},{"@type":"ListItem","position":4,"name":"Sterowniki inteligentne pomp"}]},{"@type":"WebSite","@id":"https:\/\/biatech.pl\/#website","url":"https:\/\/biatech.pl\/","name":"BIATECH sp. z o.o.","description":"Manufacturer of hydrant testing tools","publisher":{"@id":"https:\/\/biatech.pl\/#organization"},"alternateName":"Firma BIATECH jest liderem w bran\u017cy bezpiecze\u0144stwa przeciwpo\u017carowego","potentialAction":[{"@type":"SearchAction","target":{"@type":"EntryPoint","urlTemplate":"https:\/\/biatech.pl\/?s={search_term_string}"},"query-input":{"@type":"PropertyValueSpecification","valueRequired":true,"valueName":"search_term_string"}}],"inLanguage":"en-GB"},{"@type":"Organization","@id":"https:\/\/biatech.pl\/#organization","name":"BIATECH Sp. z o.o.","url":"https:\/\/biatech.pl\/","logo":{"@type":"ImageObject","inLanguage":"en-GB","@id":"https:\/\/biatech.pl\/#\/schema\/logo\/image\/","url":"https:\/\/biatech.pl\/wp-content\/uploads\/2021\/10\/biatech_favicon.png","contentUrl":"https:\/\/biatech.pl\/wp-content\/uploads\/2021\/10\/biatech_favicon.png","width":512,"height":512,"caption":"BIATECH Sp. z o.o."},"image":{"@id":"https:\/\/biatech.pl\/#\/schema\/logo\/image\/"},"sameAs":["https:\/\/www.facebook.com\/BIATECHPL","https:\/\/www.linkedin.com\/company\/biatech-bialystok"]}]}},"_links":{"self":[{"href":"https:\/\/biatech.pl\/en\/wp-json\/wp\/v2\/pages\/511","targetHints":{"allow":["GET"]}}],"collection":[{"href":"https:\/\/biatech.pl\/en\/wp-json\/wp\/v2\/pages"}],"about":[{"href":"https:\/\/biatech.pl\/en\/wp-json\/wp\/v2\/types\/page"}],"author":[{"embeddable":true,"href":"https:\/\/biatech.pl\/en\/wp-json\/wp\/v2\/users\/2"}],"replies":[{"embeddable":true,"href":"https:\/\/biatech.pl\/en\/wp-json\/wp\/v2\/comments?post=511"}],"version-history":[{"count":18,"href":"https:\/\/biatech.pl\/en\/wp-json\/wp\/v2\/pages\/511\/revisions"}],"predecessor-version":[{"id":2215,"href":"https:\/\/biatech.pl\/en\/wp-json\/wp\/v2\/pages\/511\/revisions\/2215"}],"up":[{"embeddable":true,"href":"https:\/\/biatech.pl\/en\/wp-json\/wp\/v2\/pages\/471"}],"wp:featuredmedia":[{"embeddable":true,"href":"https:\/\/biatech.pl\/en\/wp-json\/wp\/v2\/media\/889"}],"wp:attachment":[{"href":"https:\/\/biatech.pl\/en\/wp-json\/wp\/v2\/media?parent=511"}],"curies":[{"name":"wp","href":"https:\/\/api.w.org\/{rel}","templated":true}]}}