{"id":571,"date":"2021-10-25T09:21:45","date_gmt":"2021-10-25T09:21:45","guid":{"rendered":"https:\/\/biatech.pl\/?page_id=571"},"modified":"2024-02-14T16:47:29","modified_gmt":"2024-02-14T16:47:29","slug":"o-nas","status":"publish","type":"page","link":"https:\/\/biatech.pl\/en\/about-us\/","title":{"rendered":"About us"},"content":{"rendered":"<p>[et_pb_section fb_built=&#8221;1&#8243; admin_label=&#8221;Header \/ Slider&#8221; _builder_version=&#8221;4.16&#8243; _module_preset=&#8221;default&#8221; background_image=&#8221;https:\/\/biatech.pl\/wp-content\/uploads\/2021\/10\/biatech_oferta_abstract1.png&#8221; custom_padding=&#8221;0px||0px||false|false&#8221; collapsed=&#8221;on&#8221; global_colors_info=&#8221;{}&#8221; da_is_popup=&#8221;off&#8221; da_exit_intent=&#8221;off&#8221; da_has_close=&#8221;on&#8221; da_alt_close=&#8221;off&#8221; da_dark_close=&#8221;off&#8221; da_not_modal=&#8221;on&#8221; da_is_singular=&#8221;off&#8221; da_with_loader=&#8221;off&#8221; da_has_shadow=&#8221;on&#8221; da_disable_devices=&#8221;off|off|off&#8221;][et_pb_row _builder_version=&#8221;4.16&#8243; _module_preset=&#8221;default&#8221; global_colors_info=&#8221;{}&#8221;][et_pb_column type=&#8221;4_4&#8243; _builder_version=&#8221;4.16&#8243; _module_preset=&#8221;default&#8221; global_colors_info=&#8221;{}&#8221;][et_pb_image src=&#8221;https:\/\/biatech.pl\/wp-content\/uploads\/2021\/10\/biatech_oferta_header_hydrant1.png&#8221; alt=&#8221;Grafika przedstawia czerwone hydranty&#8221; title_text=&#8221;Grafika przedstawia czerwone hydranty&#8221; show_bottom_space=&#8221;off&#8221; align=&#8221;center&#8221; _builder_version=&#8221;4.16&#8243; _module_preset=&#8221;default&#8221; width=&#8221;16%&#8221; width_tablet=&#8221;40%&#8221; width_phone=&#8221;50%&#8221; width_last_edited=&#8221;on|tablet&#8221; filter_hue_rotate=&#8221;207deg&#8221; global_colors_info=&#8221;{}&#8221;][\/et_pb_image][et_pb_text _builder_version=&#8221;4.16&#8243; _dynamic_attributes=&#8221;content&#8221; _module_preset=&#8221;default&#8221; header_font=&#8221;Lato|||on|||||&#8221; header_text_align=&#8221;center&#8221; header_text_color=&#8221;#FFFFFF&#8221; header_line_height=&#8221;1.2em&#8221; header_2_font=&#8221;Lato|700||on|||||&#8221; header_2_text_align=&#8221;center&#8221; header_2_text_color=&#8221;#FFFFFF&#8221; header_2_font_size=&#8221;32px&#8221; header_2_letter_spacing=&#8221;2px&#8221; header_2_line_height=&#8221;1.2em&#8221; custom_margin=&#8221;5px||||false|false&#8221; global_colors_info=&#8221;{}&#8221;]@ET-DC@eyJkeW5hbWljIjp0cnVlLCJjb250ZW50IjoicG9zdF90aXRsZSIsInNldHRpbmdzIjp7ImJlZm9yZSI6IjxoMj4iLCJhZnRlciI6IjwvaDI+In19@[\/et_pb_text][\/et_pb_column][\/et_pb_row][\/et_pb_section][et_pb_section fb_built=&#8221;1&#8243; admin_label=&#8221;O nas&#8221; _builder_version=&#8221;4.16&#8243; _module_preset=&#8221;default&#8221; background_color=&#8221;#393939&#8243; global_colors_info=&#8221;{}&#8221; da_is_popup=&#8221;off&#8221; da_exit_intent=&#8221;off&#8221; da_has_close=&#8221;on&#8221; da_alt_close=&#8221;off&#8221; da_dark_close=&#8221;off&#8221; da_not_modal=&#8221;on&#8221; da_is_singular=&#8221;off&#8221; da_with_loader=&#8221;off&#8221; da_has_shadow=&#8221;on&#8221; da_disable_devices=&#8221;off|off|off&#8221;][et_pb_row _builder_version=&#8221;4.16&#8243; _module_preset=&#8221;default&#8221; global_colors_info=&#8221;{}&#8221;][et_pb_column type=&#8221;4_4&#8243; _builder_version=&#8221;4.16&#8243; _module_preset=&#8221;default&#8221; global_colors_info=&#8221;{}&#8221;][et_pb_text _builder_version=&#8221;4.16&#8243; _module_preset=&#8221;default&#8221; text_text_color=&#8221;#FFFFFF&#8221; text_font_size=&#8221;18px&#8221; global_colors_info=&#8221;{}&#8221;]<\/p>\n<p><strong>Biatech to marka stworzona z my\u015bl\u0105 o dostarczaniu nieprzeci\u0119tnych, nowoczesnych, trwa\u0142ych i bezpiecznych produkt\u00f3w, znajduj\u0105cych swoje zastosowanie w wielu ga\u0142\u0119ziach gospodarki. Jeste\u015bmy firm\u0105 rodzinn\u0105, dla kt\u00f3rej warto\u015bci takie jak zaufanie, szacunek oraz szczero\u015b\u0107 s\u0105 tak samo wa\u017cne w \u017cyciu prywatnym, jak i biznesie.<\/strong><\/p>\n<p>Zapoznaj si\u0119 z 3 filarami, na kt\u00f3rych opieramy bie\u017c\u0105c\u0105 dzia\u0142alno\u015b\u0107, wsp\u00f3\u0142prac\u0119 z partnerami, jak i ci\u0105g\u0142y rozw\u00f3j naszej firmy:<\/p>\n<p><strong>Kompleksowa oferta, z kt\u00f3rej korzystaj\u0105 czo\u0142owi odbiorcy w kraju i za granic\u0105.<\/strong><\/p>\n<p>Od lat nale\u017cymy do grona kluczowych producent\u00f3w technologii serwisowych i rozwi\u0105za\u0144 z zakresu ochrony przeciwpo\u017carowej, urz\u0105dze\u0144 wspomagaj\u0105cych hydranty, ga\u015bnice oraz wodoci\u0105gi, a tak\u017ce oprogramowania komputerowego do monitoringu przegl\u0105d\u00f3w oraz prowadzenia dokumentacji. Z naszych narz\u0119dzi i rozwi\u0105za\u0144 skorzysta\u0142o ju\u017c ponad 3500 firm z Polski i Europy.<\/p>\n<p><strong>Doskona\u0142a jako\u015b\u0107, zapewniana przez wysokiej klasy produkty.<\/strong><\/p>\n<p>Szczeg\u00f3ln\u0105 uwag\u0119 przyk\u0142adamy zar\u00f3wno do jako\u015bci, jak i niezawodno\u015bci naszych rozwi\u0105za\u0144, czego najlepsze potwierdzenie stanowi\u0105 szczeg\u00f3\u0142owe testy, kt\u00f3rym s\u0105 poddawane.<\/p>\n<p>Ka\u017cdy produkt, zanim opu\u015bci nasze zak\u0142ady i trafi do klienta, musi spe\u0142nia\u0107 najbardziej wy\u015brubowane normy oraz surowe standardy techniczne &#8211; b\u0119d\u0105ce jednocze\u015bnie gwarantem jego trwa\u0142o\u015bci i funkcjonalno\u015bci.<\/p>\n<p><strong>Zrozumienie i szacunek wobec klient\u00f3w, dzi\u0119ki kt\u00f3rym powstaj\u0105 innowacyjne rozwi\u0105zania.<\/strong><\/p>\n<p>Przez ponad 10 lat lat nieprzerwanego rozwoju zyskali\u015bmy do\u015bwiadczenie i umiej\u0119tno\u015bci ws\u0142uchiwania si\u0119 w potrzeby naszych kontrahent\u00f3w.<\/p>\n<p>Dzi\u0119ki temu dostarczamy produkty, kt\u00f3re s\u0105 idealn\u0105 odpowiedzi\u0105 na stawiane przez nich wymagania. Poprawiaj\u0105 efektywno\u015bci i bezpiecze\u0144stwo pracy, a przede wszystkim sprawiaj\u0105, \u017ce ich biznes ro\u015bnie razem z nami.<\/p>\n<p>[\/et_pb_text][\/et_pb_column][\/et_pb_row][\/et_pb_section]<\/p>\n","protected":false},"excerpt":{"rendered":"<p>Biatech to marka stworzona z my\u015bl\u0105 o dostarczaniu nieprzeci\u0119tnych, nowoczesnych, trwa\u0142ych i bezpiecznych produkt\u00f3w, znajduj\u0105cych swoje zastosowanie w wielu ga\u0142\u0119ziach gospodarki. Jeste\u015bmy firm\u0105 rodzinn\u0105, dla kt\u00f3rej warto\u015bci takie jak zaufanie, szacunek oraz szczero\u015b\u0107 s\u0105 tak samo wa\u017cne w \u017cyciu prywatnym, jak i biznesie. Zapoznaj si\u0119 z 3 filarami, na kt\u00f3rych opieramy bie\u017c\u0105c\u0105 dzia\u0142alno\u015b\u0107, wsp\u00f3\u0142prac\u0119 z [&hellip;]<\/p>\n","protected":false},"author":2,"featured_media":0,"parent":0,"menu_order":0,"comment_status":"closed","ping_status":"closed","template":"","meta":{"_et_pb_use_builder":"on","_et_pb_old_content":"","_et_gb_content_width":"","footnotes":""},"class_list":["post-571","page","type-page","status-publish","hentry"],"yoast_head":"<!-- This site is optimized with the Yoast SEO Premium plugin v26.5 (Yoast SEO v27.4) - https:\/\/yoast.com\/product\/yoast-seo-premium-wordpress\/ -->\n<title>O nas - BIATECH sp. z o.o.<\/title>\n<meta name=\"robots\" content=\"index, follow, max-snippet:-1, max-image-preview:large, max-video-preview:-1\" \/>\n<link rel=\"canonical\" href=\"https:\/\/biatech.pl\/en\/about-us\/\" \/>\n<meta property=\"og:locale\" content=\"en_GB\" \/>\n<meta property=\"og:type\" content=\"article\" \/>\n<meta property=\"og:title\" content=\"O nas\" \/>\n<meta property=\"og:description\" content=\"Biatech to marka stworzona z my\u015bl\u0105 o dostarczaniu nieprzeci\u0119tnych, nowoczesnych, trwa\u0142ych i bezpiecznych produkt\u00f3w, znajduj\u0105cych swoje zastosowanie w wielu ga\u0142\u0119ziach gospodarki. Jeste\u015bmy firm\u0105 rodzinn\u0105, dla kt\u00f3rej warto\u015bci takie jak zaufanie, szacunek oraz szczero\u015b\u0107 s\u0105 tak samo wa\u017cne w \u017cyciu prywatnym, jak i biznesie. Zapoznaj si\u0119 z 3 filarami, na kt\u00f3rych opieramy bie\u017c\u0105c\u0105 dzia\u0142alno\u015b\u0107, wsp\u00f3\u0142prac\u0119 z [&hellip;]\" \/>\n<meta property=\"og:url\" content=\"https:\/\/biatech.pl\/en\/about-us\/\" \/>\n<meta property=\"og:site_name\" content=\"BIATECH sp. z o.o.\" \/>\n<meta property=\"article:publisher\" content=\"https:\/\/www.facebook.com\/BIATECHPL\" \/>\n<meta property=\"article:modified_time\" content=\"2024-02-14T16:47:29+00:00\" \/>\n<meta property=\"og:image\" content=\"https:\/\/biatech.pl\/wp-content\/uploads\/2023\/06\/Logo-niebieskie-BIATECH.png\" \/>\n\t<meta property=\"og:image:width\" content=\"1861\" \/>\n\t<meta property=\"og:image:height\" content=\"187\" \/>\n\t<meta property=\"og:image:type\" content=\"image\/png\" \/>\n<meta name=\"twitter:card\" content=\"summary_large_image\" \/>\n<meta name=\"twitter:label1\" content=\"Estimated reading time\" \/>\n\t<meta name=\"twitter:data1\" content=\"3 minutes\" \/>\n<script type=\"application\/ld+json\" class=\"yoast-schema-graph\">{\"@context\":\"https:\\\/\\\/schema.org\",\"@graph\":[{\"@type\":\"WebPage\",\"@id\":\"https:\\\/\\\/biatech.pl\\\/o-nas\\\/\",\"url\":\"https:\\\/\\\/biatech.pl\\\/o-nas\\\/\",\"name\":\"O nas - BIATECH sp. z o.o.\",\"isPartOf\":{\"@id\":\"https:\\\/\\\/biatech.pl\\\/#website\"},\"datePublished\":\"2021-10-25T09:21:45+00:00\",\"dateModified\":\"2024-02-14T16:47:29+00:00\",\"breadcrumb\":{\"@id\":\"https:\\\/\\\/biatech.pl\\\/o-nas\\\/#breadcrumb\"},\"inLanguage\":\"en-GB\",\"potentialAction\":[{\"@type\":\"ReadAction\",\"target\":[\"https:\\\/\\\/biatech.pl\\\/o-nas\\\/\"]}]},{\"@type\":\"BreadcrumbList\",\"@id\":\"https:\\\/\\\/biatech.pl\\\/o-nas\\\/#breadcrumb\",\"itemListElement\":[{\"@type\":\"ListItem\",\"position\":1,\"name\":\"Strona g\u0142\u00f3wna\",\"item\":\"https:\\\/\\\/biatech.pl\\\/\"},{\"@type\":\"ListItem\",\"position\":2,\"name\":\"O nas\"}]},{\"@type\":\"WebSite\",\"@id\":\"https:\\\/\\\/biatech.pl\\\/#website\",\"url\":\"https:\\\/\\\/biatech.pl\\\/\",\"name\":\"BIATECH sp. z o.o.\",\"description\":\"Producent narz\u0119dzi do badania hydrant\u00f3w\",\"publisher\":{\"@id\":\"https:\\\/\\\/biatech.pl\\\/#organization\"},\"alternateName\":\"Firma BIATECH jest liderem w bran\u017cy bezpiecze\u0144stwa przeciwpo\u017carowego\",\"potentialAction\":[{\"@type\":\"SearchAction\",\"target\":{\"@type\":\"EntryPoint\",\"urlTemplate\":\"https:\\\/\\\/biatech.pl\\\/?s={search_term_string}\"},\"query-input\":{\"@type\":\"PropertyValueSpecification\",\"valueRequired\":true,\"valueName\":\"search_term_string\"}}],\"inLanguage\":\"en-GB\"},{\"@type\":\"Organization\",\"@id\":\"https:\\\/\\\/biatech.pl\\\/#organization\",\"name\":\"BIATECH Sp. z o.o.\",\"url\":\"https:\\\/\\\/biatech.pl\\\/\",\"logo\":{\"@type\":\"ImageObject\",\"inLanguage\":\"en-GB\",\"@id\":\"https:\\\/\\\/biatech.pl\\\/#\\\/schema\\\/logo\\\/image\\\/\",\"url\":\"https:\\\/\\\/biatech.pl\\\/wp-content\\\/uploads\\\/2021\\\/10\\\/biatech_favicon.png\",\"contentUrl\":\"https:\\\/\\\/biatech.pl\\\/wp-content\\\/uploads\\\/2021\\\/10\\\/biatech_favicon.png\",\"width\":512,\"height\":512,\"caption\":\"BIATECH Sp. z o.o.\"},\"image\":{\"@id\":\"https:\\\/\\\/biatech.pl\\\/#\\\/schema\\\/logo\\\/image\\\/\"},\"sameAs\":[\"https:\\\/\\\/www.facebook.com\\\/BIATECHPL\",\"https:\\\/\\\/www.linkedin.com\\\/company\\\/biatech-bialystok\"]}]}<\/script>\n<!-- \/ Yoast SEO Premium plugin. -->","yoast_head_json":{"title":"About us - BIATECH sp. z o.o.","robots":{"index":"index","follow":"follow","max-snippet":"max-snippet:-1","max-image-preview":"max-image-preview:large","max-video-preview":"max-video-preview:-1"},"canonical":"https:\/\/biatech.pl\/en\/about-us\/","og_locale":"en_GB","og_type":"article","og_title":"O nas","og_description":"Biatech to marka stworzona z my\u015bl\u0105 o dostarczaniu nieprzeci\u0119tnych, nowoczesnych, trwa\u0142ych i bezpiecznych produkt\u00f3w, znajduj\u0105cych swoje zastosowanie w wielu ga\u0142\u0119ziach gospodarki. Jeste\u015bmy firm\u0105 rodzinn\u0105, dla kt\u00f3rej warto\u015bci takie jak zaufanie, szacunek oraz szczero\u015b\u0107 s\u0105 tak samo wa\u017cne w \u017cyciu prywatnym, jak i biznesie. Zapoznaj si\u0119 z 3 filarami, na kt\u00f3rych opieramy bie\u017c\u0105c\u0105 dzia\u0142alno\u015b\u0107, wsp\u00f3\u0142prac\u0119 z [&hellip;]","og_url":"https:\/\/biatech.pl\/en\/about-us\/","og_site_name":"BIATECH sp. z o.o.","article_publisher":"https:\/\/www.facebook.com\/BIATECHPL","article_modified_time":"2024-02-14T16:47:29+00:00","og_image":[{"width":1861,"height":187,"url":"https:\/\/biatech.pl\/wp-content\/uploads\/2023\/06\/Logo-niebieskie-BIATECH.png","type":"image\/png"}],"twitter_card":"summary_large_image","twitter_misc":{"Estimated reading time":"3 minutes"},"schema":{"@context":"https:\/\/schema.org","@graph":[{"@type":"WebPage","@id":"https:\/\/biatech.pl\/o-nas\/","url":"https:\/\/biatech.pl\/o-nas\/","name":"About us - BIATECH sp. z o.o.","isPartOf":{"@id":"https:\/\/biatech.pl\/#website"},"datePublished":"2021-10-25T09:21:45+00:00","dateModified":"2024-02-14T16:47:29+00:00","breadcrumb":{"@id":"https:\/\/biatech.pl\/o-nas\/#breadcrumb"},"inLanguage":"en-GB","potentialAction":[{"@type":"ReadAction","target":["https:\/\/biatech.pl\/o-nas\/"]}]},{"@type":"BreadcrumbList","@id":"https:\/\/biatech.pl\/o-nas\/#breadcrumb","itemListElement":[{"@type":"ListItem","position":1,"name":"Strona g\u0142\u00f3wna","item":"https:\/\/biatech.pl\/"},{"@type":"ListItem","position":2,"name":"O nas"}]},{"@type":"WebSite","@id":"https:\/\/biatech.pl\/#website","url":"https:\/\/biatech.pl\/","name":"BIATECH sp. z o.o.","description":"Manufacturer of hydrant testing tools","publisher":{"@id":"https:\/\/biatech.pl\/#organization"},"alternateName":"Firma BIATECH jest liderem w bran\u017cy bezpiecze\u0144stwa przeciwpo\u017carowego","potentialAction":[{"@type":"SearchAction","target":{"@type":"EntryPoint","urlTemplate":"https:\/\/biatech.pl\/?s={search_term_string}"},"query-input":{"@type":"PropertyValueSpecification","valueRequired":true,"valueName":"search_term_string"}}],"inLanguage":"en-GB"},{"@type":"Organization","@id":"https:\/\/biatech.pl\/#organization","name":"BIATECH Sp. z o.o.","url":"https:\/\/biatech.pl\/","logo":{"@type":"ImageObject","inLanguage":"en-GB","@id":"https:\/\/biatech.pl\/#\/schema\/logo\/image\/","url":"https:\/\/biatech.pl\/wp-content\/uploads\/2021\/10\/biatech_favicon.png","contentUrl":"https:\/\/biatech.pl\/wp-content\/uploads\/2021\/10\/biatech_favicon.png","width":512,"height":512,"caption":"BIATECH Sp. z o.o."},"image":{"@id":"https:\/\/biatech.pl\/#\/schema\/logo\/image\/"},"sameAs":["https:\/\/www.facebook.com\/BIATECHPL","https:\/\/www.linkedin.com\/company\/biatech-bialystok"]}]}},"_links":{"self":[{"href":"https:\/\/biatech.pl\/en\/wp-json\/wp\/v2\/pages\/571","targetHints":{"allow":["GET"]}}],"collection":[{"href":"https:\/\/biatech.pl\/en\/wp-json\/wp\/v2\/pages"}],"about":[{"href":"https:\/\/biatech.pl\/en\/wp-json\/wp\/v2\/types\/page"}],"author":[{"embeddable":true,"href":"https:\/\/biatech.pl\/en\/wp-json\/wp\/v2\/users\/2"}],"replies":[{"embeddable":true,"href":"https:\/\/biatech.pl\/en\/wp-json\/wp\/v2\/comments?post=571"}],"version-history":[{"count":6,"href":"https:\/\/biatech.pl\/en\/wp-json\/wp\/v2\/pages\/571\/revisions"}],"predecessor-version":[{"id":254749,"href":"https:\/\/biatech.pl\/en\/wp-json\/wp\/v2\/pages\/571\/revisions\/254749"}],"wp:attachment":[{"href":"https:\/\/biatech.pl\/en\/wp-json\/wp\/v2\/media?parent=571"}],"curies":[{"name":"wp","href":"https:\/\/api.w.org\/{rel}","templated":true}]}}