{"id":725,"date":"2021-11-04T08:53:33","date_gmt":"2021-11-04T08:53:33","guid":{"rendered":"https:\/\/biatech.pl\/?page_id=725"},"modified":"2024-06-22T11:12:20","modified_gmt":"2024-06-22T11:12:20","slug":"htest","status":"publish","type":"page","link":"https:\/\/biatech.pl\/en\/biatech\/service-installation-protection-2\/flowboss-4\/","title":{"rendered":"HATEST"},"content":{"rendered":"<p>[et_pb_section fb_built=&#8221;1&#8243; make_equal=&#8221;on&#8221; specialty=&#8221;on&#8221; custom_padding_last_edited=&#8221;on|phone&#8221; _builder_version=&#8221;4.16&#8243; _module_preset=&#8221;default&#8221; background_image=&#8221;https:\/\/biatech.pl\/wp-content\/uploads\/2021\/10\/biatech_oferta_abstract4.png&#8221; custom_padding=&#8221;0px|||||&#8221; custom_padding_tablet=&#8221;20px||||false|false&#8221; custom_padding_phone=&#8221;&#8221; global_colors_info=&#8221;{}&#8221; da_is_popup=&#8221;off&#8221; da_exit_intent=&#8221;off&#8221; da_has_close=&#8221;on&#8221; da_alt_close=&#8221;off&#8221; da_dark_close=&#8221;off&#8221; da_not_modal=&#8221;on&#8221; da_is_singular=&#8221;off&#8221; da_with_loader=&#8221;off&#8221; da_has_shadow=&#8221;on&#8221; da_disable_devices=&#8221;off|off|off&#8221;][et_pb_column type=&#8221;1_2&#8243; _builder_version=&#8221;4.16&#8243; custom_padding=&#8221;|||&#8221; global_colors_info=&#8221;{}&#8221; custom_padding__hover=&#8221;|||&#8221;][dnxte_thumbs_gallery_parent dnext_thumbs_gallery_autoplay_delay=&#8221;5000&#8243; dnxt_top_gallery_mousewheel=&#8221;on&#8221; dnext_thumbs_gallery_pagination_type=&#8221;none&#8221; dnext_thumbs_gallery_pause_on_hover=&#8221;on&#8221; admin_label=&#8221;Galeria&#8221; _builder_version=&#8221;4.16&#8243; _module_preset=&#8221;default&#8221; custom_padding=&#8221;||||true|false&#8221; custom_css_image=&#8221;background-color: white;&#8221; global_colors_info=&#8221;{}&#8221;][dnxte_thumbs_gallery_child thumbs_gallery_top_image=&#8221;https:\/\/biatech.pl\/wp-content\/uploads\/2021\/11\/HATEST.png&#8221; _builder_version=&#8221;4.16&#8243; _module_preset=&#8221;default&#8221; custom_margin=&#8221;||||false|false&#8221; custom_padding=&#8221;||||false|false&#8221; global_colors_info=&#8221;{}&#8221;][\/dnxte_thumbs_gallery_child][\/dnxte_thumbs_gallery_parent][\/et_pb_column][et_pb_column type=&#8221;1_2&#8243; specialty_columns=&#8221;2&#8243; _builder_version=&#8221;4.16&#8243; custom_padding=&#8221;|||&#8221; global_colors_info=&#8221;{}&#8221; custom_padding__hover=&#8221;|||&#8221;][et_pb_row_inner admin_label=&#8221;Opis produktu&#8221; _builder_version=&#8221;4.16&#8243; _module_preset=&#8221;default&#8221; global_colors_info=&#8221;{}&#8221;][et_pb_column_inner saved_specialty_column_type=&#8221;1_2&#8243; _builder_version=&#8221;4.16&#8243; _module_preset=&#8221;default&#8221; global_colors_info=&#8221;{}&#8221;][et_pb_text admin_label=&#8221;Kategoria &#8211; r\u0119czna zmiana&#8221; _builder_version=&#8221;4.16&#8243; _module_preset=&#8221;default&#8221; header_3_font=&#8221;|||on|||||&#8221; header_3_text_color=&#8221;#FFFFFF&#8221; custom_margin=&#8221;||0px||false|false&#8221; custom_margin_tablet=&#8221;&#8221; custom_margin_phone=&#8221;&#8221; custom_margin_last_edited=&#8221;on|desktop&#8221; custom_padding=&#8221;||||false|false&#8221; global_colors_info=&#8221;{}&#8221;]<\/p>\n<h3>Urz\u0105dzenia do serwisu hydrant\u00f3w<\/h3>\n<p>[\/et_pb_text][et_pb_text admin_label=&#8221;Nazwa produktu &#8211; automatyczna zmiana&#8221; _builder_version=&#8221;4.16&#8243; _dynamic_attributes=&#8221;content&#8221; _module_preset=&#8221;default&#8221; header_2_font=&#8221;|600||on|||||&#8221; header_2_text_color=&#8221;#37c2fd&#8221; custom_margin=&#8221;||26px|||&#8221; global_colors_info=&#8221;{}&#8221;]@ET-DC@eyJkeW5hbWljIjp0cnVlLCJjb250ZW50IjoicG9zdF90aXRsZSIsInNldHRpbmdzIjp7ImJlZm9yZSI6IjxoMj4iLCJhZnRlciI6IjwvaDI+In19@[\/et_pb_text][et_pb_divider color=&#8221;#FFFFFF&#8221; _builder_version=&#8221;4.16&#8243; _module_preset=&#8221;default&#8221; global_colors_info=&#8221;{}&#8221;][\/et_pb_divider][et_pb_text admin_label=&#8221;Opis&#8221; _builder_version=&#8221;4.16&#8243; _module_preset=&#8221;default&#8221; text_text_color=&#8221;#FFFFFF&#8221; text_font_size=&#8221;18px&#8221; global_colors_info=&#8221;{}&#8221;]<\/p>\n<p style=\"text-align: justify;\"><strong>HATEST \u2013 elektroniczny tester hydrant\u00f3w, urz\u0105dzenie pomiarowe nowej generacji<\/strong><\/p>\n<p style=\"text-align: justify;\"><span>HATEST jest nowoczesnym urz\u0105dzeniem do elektronicznego pomiaru ci\u015bnienia zaprojektowanym pod k\u0105tem hydrant\u00f3w DN25, DN33, DN52, DN80, DN100 oraz DN150. Test hydrantu z HATEST nigdy nie by\u0142 r\u00f3wnie przyst\u0119pny i szybki.<\/span><\/p>\n<p style=\"text-align: justify;\"><strong>Dlaczego warto zainwestowa\u0107 w tester hydrant\u00f3w HATEST?<\/strong><br \/>Model ten stanowi alternatyw\u0119 dla manometr\u00f3w, oferuj\u0105c jednocze\u015bnie znacznie wygodniejsz\u0105 obs\u0142ug\u0119, mo\u017cliwo\u015b\u0107 edycji jednostek ci\u015bnienia, raportowanie oraz czytelny ekran.<\/p>\n<p style=\"text-align: justify;\">HATEST to rozwi\u0105zanie, kt\u00f3re wykorzystuje pe\u0142en potencja\u0142 najnowszej technologii elektroniki ci\u015bnieniowej. Innowacyjno\u015b\u0107 urz\u0105dzenia po\u0142\u0105czyli\u015bmy z niezwyk\u0142\u0105 trwa\u0142o\u015bci\u0105 \u2013 obudowa HATEST zosta\u0142a wykonana z aluminium. HATEST sk\u0142ada si\u0119 z podzespo\u0142\u00f3w opartych na sprz\u0119cie elektronicznym najwy\u017cszej klasy.<\/p>\n<p><strong>Parametry pracy urz\u0105dzenia:<\/strong><\/p>\n<ul>\n<li>wy\u015bwietlacz z pod\u015bwietleniem;<\/li>\n<li>zasilanie wbudowanym akumulatorem \u2013 \u0142adowarka w zestawie;<\/li>\n<li>temperatura pracy przetwornika ci\u015bnienia od +1\u00b0C do + 50\u00b0 C;<\/li>\n<li>menu w j\u0119zyku polskim;<\/li>\n<li>zakres pracy urz\u0105dzenia od 0 \u2013 1,6 MPa;<\/li>\n<li>wymiary HATEST: 9,0 x 8,5 x 5,5 cm (d\u0142ugo\u015b\u0107 x szeroko\u015b\u0107 x g\u0142\u0119boko\u015b\u0107);<\/li>\n<li>waga: 0,4 kg.<\/li>\n<\/ul>\n<p><strong>HATEST jest w pe\u0142ni kompatybilny z:<\/strong><\/p>\n<ul>\n<li>HYDRO-TEST;<\/li>\n<li>HYDRO-TEST-W;<\/li>\n<li>HYDRO-TEST-Z;<\/li>\n<li>SamSerwis.<\/li>\n<\/ul>\n<p>[\/et_pb_text][\/et_pb_column_inner][\/et_pb_row_inner][et_pb_row_inner column_structure=&#8221;1_2,1_2&#8243; admin_label=&#8221;Przyciski do 1366px&#8221; module_class=&#8221;buttons_1366&#8243; _builder_version=&#8221;4.16&#8243; _module_preset=&#8221;default&#8221; global_colors_info=&#8221;{}&#8221;][et_pb_column_inner type=&#8221;1_2&#8243; saved_specialty_column_type=&#8221;1_2&#8243; _builder_version=&#8221;4.16&#8243; _module_preset=&#8221;default&#8221; global_colors_info=&#8221;{}&#8221;][et_pb_button button_url=&#8221;https:\/\/biatech.pl\/wp-content\/uploads\/2021\/11\/Karta-HATEST.pdf&#8221; url_new_window=&#8221;on&#8221; button_text=&#8221;Pobierz specyfikacj\u0119&#8221; button_alignment=&#8221;center&#8221; admin_label=&#8221;Pobierz specyfikacj\u0119&#8221; _builder_version=&#8221;4.16&#8243; _module_preset=&#8221;default&#8221; custom_button=&#8221;on&#8221; button_text_size=&#8221;1.1em&#8221; button_text_color=&#8221;#37c2fd&#8221; button_border_radius=&#8221;9px&#8221; button_font=&#8221;|||on|||||&#8221; button_icon=&#8221;&#x68;||divi||400&#8243; button_icon_placement=&#8221;left&#8221; button_on_hover=&#8221;off&#8221; custom_padding=&#8221;10px||10px||true|false&#8221; button_bg_color_last_edited=&#8221;off|desktop&#8221; global_colors_info=&#8221;{}&#8221; button_bg_color__hover_enabled=&#8221;on|desktop&#8221; button_bg_color__hover=&#8221;#37c2fd&#8221; button_bg_enable_color__hover=&#8221;on&#8221; button_text_color__hover_enabled=&#8221;on|hover&#8221; button_text_color__hover=&#8221;#FFFFFF&#8221;][\/et_pb_button][\/et_pb_column_inner][et_pb_column_inner type=&#8221;1_2&#8243; saved_specialty_column_type=&#8221;1_2&#8243; _builder_version=&#8221;4.16&#8243; _module_preset=&#8221;default&#8221; global_colors_info=&#8221;{}&#8221;][et_pb_button button_url=&#8221;#&#8221; url_new_window=&#8221;on&#8221; button_text=&#8221;Kup teraz&#8221; button_alignment=&#8221;center&#8221; admin_label=&#8221;Kup teraz&#8221; _builder_version=&#8221;4.16&#8243; _module_preset=&#8221;default&#8221; custom_button=&#8221;on&#8221; button_text_size=&#8221;1.1em&#8221; button_text_color=&#8221;#FFFFFF&#8221; button_bg_color=&#8221;#37c2fd&#8221; button_border_color=&#8221;#37c2fd&#8221; button_border_radius=&#8221;9px&#8221; button_font=&#8221;|||on|||||&#8221; button_icon=&#8221;&#x68;||divi||400&#8243; button_icon_placement=&#8221;left&#8221; button_on_hover=&#8221;off&#8221; custom_padding=&#8221;10px|20px|10px|40px|true|false&#8221; button_bg_color_last_edited=&#8221;off|desktop&#8221; global_colors_info=&#8221;{}&#8221; button_bg_color__hover_enabled=&#8221;on|hover&#8221; button_bg_color__hover=&#8221;RGBA(0,0,0,0)&#8221; button_bg_enable_color__hover=&#8221;on&#8221; button_text_color__hover_enabled=&#8221;on|hover&#8221; button_text_color__hover=&#8221;#37c2fd&#8221;][\/et_pb_button][\/et_pb_column_inner][\/et_pb_row_inner][et_pb_row_inner column_structure=&#8221;1_2,1_2&#8243; use_custom_gutter=&#8221;on&#8221; gutter_width=&#8221;2&#8243; admin_label=&#8221;Przyciski od 1367px&#8221; module_class=&#8221;buttons_1367plus&#8221; _builder_version=&#8221;4.16&#8243; _module_preset=&#8221;default&#8221; global_colors_info=&#8221;{}&#8221;][et_pb_column_inner type=&#8221;1_2&#8243; saved_specialty_column_type=&#8221;1_2&#8243; _builder_version=&#8221;4.16&#8243; _module_preset=&#8221;default&#8221; global_colors_info=&#8221;{}&#8221;][et_pb_button button_url=&#8221;#&#8221; url_new_window=&#8221;on&#8221; button_text=&#8221;Pobierz specyfikacj\u0119&#8221; button_alignment=&#8221;right&#8221; admin_label=&#8221;Pobierz specyfikacj\u0119&#8221; _builder_version=&#8221;4.16&#8243; _module_preset=&#8221;default&#8221; custom_button=&#8221;on&#8221; button_text_size=&#8221;1.3em&#8221; button_text_color=&#8221;#37c2fd&#8221; button_border_radius=&#8221;9px&#8221; button_font=&#8221;|||on|||||&#8221; button_icon=&#8221;&#x68;||divi||400&#8243; button_icon_placement=&#8221;left&#8221; button_on_hover=&#8221;off&#8221; custom_padding=&#8221;10px|15px|10px|35px|true|false&#8221; button_bg_color_last_edited=&#8221;off|desktop&#8221; global_colors_info=&#8221;{}&#8221; button_bg_color__hover_enabled=&#8221;on|desktop&#8221; button_bg_color__hover=&#8221;#37c2fd&#8221; button_bg_enable_color__hover=&#8221;on&#8221; button_text_color__hover_enabled=&#8221;on|hover&#8221; button_text_color__hover=&#8221;#FFFFFF&#8221;][\/et_pb_button][\/et_pb_column_inner][et_pb_column_inner type=&#8221;1_2&#8243; saved_specialty_column_type=&#8221;1_2&#8243; _builder_version=&#8221;4.16&#8243; _module_preset=&#8221;default&#8221; global_colors_info=&#8221;{}&#8221;][et_pb_button button_url=&#8221;#&#8221; url_new_window=&#8221;on&#8221; button_text=&#8221;Kup teraz&#8221; button_alignment=&#8221;left&#8221; admin_label=&#8221;Kup teraz&#8221; _builder_version=&#8221;4.16&#8243; _module_preset=&#8221;default&#8221; custom_button=&#8221;on&#8221; button_text_size=&#8221;1.3em&#8221; button_text_color=&#8221;#FFFFFF&#8221; button_bg_color=&#8221;#37c2fd&#8221; button_border_color=&#8221;#37c2fd&#8221; button_border_radius=&#8221;9px&#8221; button_font=&#8221;|||on|||||&#8221; button_icon=&#8221;&#x68;||divi||400&#8243; button_icon_placement=&#8221;left&#8221; button_on_hover=&#8221;off&#8221; custom_padding=&#8221;10px|40px|10px|60px|true|false&#8221; button_bg_color_last_edited=&#8221;off|desktop&#8221; global_colors_info=&#8221;{}&#8221; button_bg_color__hover_enabled=&#8221;on|hover&#8221; button_bg_color__hover=&#8221;RGBA(0,0,0,0)&#8221; button_bg_enable_color__hover=&#8221;on&#8221; button_text_color__hover_enabled=&#8221;on|hover&#8221; button_text_color__hover=&#8221;#37c2fd&#8221;][\/et_pb_button][\/et_pb_column_inner][\/et_pb_row_inner][\/et_pb_column][\/et_pb_section]<\/p>\n","protected":false},"excerpt":{"rendered":"<p><div class=\"et_pb_module dnxte_thumbs_gallery_parent dnxte_thumbs_gallery_parent_0\">\n\t\t\t\t\n\t\t\t\t\n\t\t\t\t\n\t\t\t\t\n\t\t\t\t\n\t\t\t\t\n\t\t\t\t<div class=\"et_pb_module_inner\">\n\t\t\t\t\t<div class=\"et_pb_module dnxte_thumbs_gallery_parent dnxte_thumbs_gallery_parent_0\">\n\t\t\t\t\n\t\t\t\t\n\t\t\t\t\n\t\t\t\t\n\t\t\t\t\n\t\t\t\t\n\t\t\t\t<div class=\"et_pb_module_inner\">\n\t\t\t\t\t<div class=\"dnext_thumbs_gallery_top_holder\"><div class=\"swiper-container dnext-thumbs-gallery-top swiper-container-initialized swiper-container-horizontal\" data-autoplay=\"1\" data-delay=\"5000\" data-direction=\"horizontal\" data-speed=\"400\" data-loop=\"off\" data-pagination-type=\"none\" data-pagination-bullets=\"off\" data-breakpoints=\"1|1|1\" data-spacing=\"10\" data-grab=\"off\" data-center=\"off\" data-pauseonhover=\"1\" data-keyboard=\"on\" data-mouse=\"on\">\r\n                <div class=\"swiper-wrapper dnext-thumbs-gallery-active\" data-lightbox=\"off\" data-orderclass=\"dnxte_thumbs_gallery_parent_0\">\r\n                    <div class=\"et_pb_module dnxte_thumbs_gallery_child dnxte_thumbs_gallery_child_0\">\n\t\t\t\t\n\t\t\t\t\n\t\t\t\t\n\t\t\t\t\n\t\t\t\t\n\t\t\t\t\n\t\t\t\t<div class=\"et_pb_module_inner\">\n\t\t\t\t\t<a href=\"https:\/\/biatech.pl\/wp-content\/uploads\/2021\/11\/HATEST.png\" class=\"dnext-thumbs-gallery-top-image-link\" data-title=\"\"><img decoding=\"async\" width=\"394\" height=\"394\" class=\"img-fluid wp-image-651\" alt=\"Logo Item\" src=\"https:\/\/biatech.pl\/wp-content\/uploads\/2021\/11\/HATEST.png\" srcset=\"https:\/\/biatech.pl\/wp-content\/uploads\/2021\/11\/HATEST.png 394w, https:\/\/biatech.pl\/wp-content\/uploads\/2021\/11\/HATEST-300x300.png 300w, https:\/\/biatech.pl\/wp-content\/uploads\/2021\/11\/HATEST-150x150.png 150w\" sizes=\"(max-width: 394px) 100vw, 394px\" \/><\/a>\r\n            <div class=\"dnxte_thumbs_gallery_content\">\r\n                <h3 class=\"dnxte_thumbs_gallery_title\"><\/h3>\r\n                <div class=\"dnxte_thumbs_gallery_description\"><\/div>\r\n                \r\n            <\/div>\n\t\t\t\t<\/div>\n\t\t\t<\/div>\r\n                <\/div>\r\n                <div class=\"swiper-pagination \"><\/div>\r\n            <\/div>\r\n            <\/div> <div class=\"swiper-container dnext-thumbs-gallery-bottom swiper-container-initialized swiper-container-horizontal\" data-autoplay=\"1\" data-delay=\"2000\" data-direction=\"horizontal\" data-speed=\"400\" data-loop=\"off\"  data-breakpoints=\"4|4|4\" data-spacing=\"10\" data-grab=\"off\" data-center=\"off\" data-pauseonhover=\"\" data-keyboard=\"on\" data-mouse=\"off\">\r\n                    <div class=\"swiper-wrapper dnext-thumbs-gallery-active\">\r\n                        <div class=\"et_pb_module dnxte_thumbs_gallery_child dnxte_thumbs_gallery_child_0\">\n\t\t\t\t\n\t\t\t\t\n\t\t\t\t\n\t\t\t\t\n\t\t\t\t\n\t\t\t\t\n\t\t\t\t<div class=\"et_pb_module_inner\">\n\t\t\t\t\t<div href=\"https:\/\/biatech.pl\/wp-content\/uploads\/2021\/11\/HATEST.png\" class=\"dnext-thumbs-gallery-top-image-link\" data-title=\"\"><img decoding=\"async\" width=\"394\" height=\"394\" class=\"img-fluid wp-image-651\" alt=\"Logo Item\" src=\"https:\/\/biatech.pl\/wp-content\/uploads\/2021\/11\/HATEST.png\" srcset=\"https:\/\/biatech.pl\/wp-content\/uploads\/2021\/11\/HATEST.png 394w, https:\/\/biatech.pl\/wp-content\/uploads\/2021\/11\/HATEST-300x300.png 300w, https:\/\/biatech.pl\/wp-content\/uploads\/2021\/11\/HATEST-150x150.png 150w\" sizes=\"(max-width: 394px) 100vw, 394px\" \/><\/div>\n\t\t\t\t<\/div>\n\t\t\t<\/div>\r\n                    <\/div>\r\n                <\/div> \n\t\t\t\t<\/div>\n\t\t\t<\/div>\n\t\t\t\t<\/div>\n\t\t\t<\/div>Urz\u0105dzenia do serwisu hydrant\u00f3wHATEST \u2013 elektroniczny tester hydrant\u00f3w, urz\u0105dzenie pomiarowe nowej generacji HATEST jest nowoczesnym urz\u0105dzeniem do elektronicznego pomiaru ci\u015bnienia zaprojektowanym pod k\u0105tem hydrant\u00f3w DN25, DN33, DN52, DN80, DN100 oraz DN150. Test hydrantu z HATEST nigdy nie by\u0142 [&hellip;]<\/p>\n","protected":false},"author":2,"featured_media":651,"parent":303,"menu_order":0,"comment_status":"closed","ping_status":"closed","template":"","meta":{"_et_pb_use_builder":"on","_et_pb_old_content":"","_et_gb_content_width":"","footnotes":""},"class_list":["post-725","page","type-page","status-publish","has-post-thumbnail","hentry"],"yoast_head":"<!-- This site is optimized with the Yoast SEO Premium plugin v26.5 (Yoast SEO v27.4) - https:\/\/yoast.com\/product\/yoast-seo-premium-wordpress\/ -->\n<title>HATEST - BIATECH sp. z o.o.<\/title>\n<meta name=\"description\" content=\"Narz\u0119dzia i urz\u0105dzenia do serwisu hydrant\u00f3w i badania wydajno\u015bci hydrant\u00f3w\" \/>\n<meta name=\"robots\" content=\"index, follow, max-snippet:-1, max-image-preview:large, max-video-preview:-1\" \/>\n<link rel=\"canonical\" href=\"https:\/\/biatech.pl\/en\/biatech\/service-installation-protection-2\/flowboss-4\/\" \/>\n<meta property=\"og:locale\" content=\"en_GB\" \/>\n<meta property=\"og:type\" content=\"article\" \/>\n<meta property=\"og:title\" content=\"HATEST\" \/>\n<meta property=\"og:description\" content=\"Narz\u0119dzia i urz\u0105dzenia do serwisu hydrant\u00f3w i badania wydajno\u015bci hydrant\u00f3w\" \/>\n<meta property=\"og:url\" content=\"https:\/\/biatech.pl\/en\/biatech\/service-installation-protection-2\/flowboss-4\/\" \/>\n<meta property=\"og:site_name\" content=\"BIATECH sp. z o.o.\" \/>\n<meta property=\"article:publisher\" content=\"https:\/\/www.facebook.com\/BIATECHPL\" \/>\n<meta property=\"article:modified_time\" content=\"2024-06-22T11:12:20+00:00\" \/>\n<meta property=\"og:image\" content=\"https:\/\/biatech.pl\/wp-content\/uploads\/2021\/11\/HATEST.png\" \/>\n\t<meta property=\"og:image:width\" content=\"394\" \/>\n\t<meta property=\"og:image:height\" content=\"394\" \/>\n\t<meta property=\"og:image:type\" content=\"image\/png\" \/>\n<meta name=\"twitter:card\" content=\"summary_large_image\" \/>\n<meta name=\"twitter:label1\" content=\"Estimated reading time\" \/>\n\t<meta name=\"twitter:data1\" content=\"2 minutes\" \/>\n<script type=\"application\/ld+json\" class=\"yoast-schema-graph\">{\"@context\":\"https:\\\/\\\/schema.org\",\"@graph\":[{\"@type\":\"WebPage\",\"@id\":\"https:\\\/\\\/biatech.pl\\\/biatech\\\/serwis-urzadzen-przeciwpozarowych\\\/htest\\\/\",\"url\":\"https:\\\/\\\/biatech.pl\\\/biatech\\\/serwis-urzadzen-przeciwpozarowych\\\/htest\\\/\",\"name\":\"HATEST - BIATECH sp. z o.o.\",\"isPartOf\":{\"@id\":\"https:\\\/\\\/biatech.pl\\\/#website\"},\"primaryImageOfPage\":{\"@id\":\"https:\\\/\\\/biatech.pl\\\/biatech\\\/serwis-urzadzen-przeciwpozarowych\\\/htest\\\/#primaryimage\"},\"image\":{\"@id\":\"https:\\\/\\\/biatech.pl\\\/biatech\\\/serwis-urzadzen-przeciwpozarowych\\\/htest\\\/#primaryimage\"},\"thumbnailUrl\":\"https:\\\/\\\/biatech.pl\\\/wp-content\\\/uploads\\\/2021\\\/11\\\/HATEST.png\",\"datePublished\":\"2021-11-04T08:53:33+00:00\",\"dateModified\":\"2024-06-22T11:12:20+00:00\",\"description\":\"Narz\u0119dzia i urz\u0105dzenia do serwisu hydrant\u00f3w i badania wydajno\u015bci hydrant\u00f3w\",\"breadcrumb\":{\"@id\":\"https:\\\/\\\/biatech.pl\\\/biatech\\\/serwis-urzadzen-przeciwpozarowych\\\/htest\\\/#breadcrumb\"},\"inLanguage\":\"en-GB\",\"potentialAction\":[{\"@type\":\"ReadAction\",\"target\":[\"https:\\\/\\\/biatech.pl\\\/biatech\\\/serwis-urzadzen-przeciwpozarowych\\\/htest\\\/\"]}]},{\"@type\":\"ImageObject\",\"inLanguage\":\"en-GB\",\"@id\":\"https:\\\/\\\/biatech.pl\\\/biatech\\\/serwis-urzadzen-przeciwpozarowych\\\/htest\\\/#primaryimage\",\"url\":\"https:\\\/\\\/biatech.pl\\\/wp-content\\\/uploads\\\/2021\\\/11\\\/HATEST.png\",\"contentUrl\":\"https:\\\/\\\/biatech.pl\\\/wp-content\\\/uploads\\\/2021\\\/11\\\/HATEST.png\",\"width\":394,\"height\":394,\"caption\":\"Urz\u0105dzenie do badania hydrant\u00f3w nieinwazyjny pomiar przep\u0142ywu hydrant\u00f3w narz\u0119dzia do badania hydrant\u00f3w\"},{\"@type\":\"BreadcrumbList\",\"@id\":\"https:\\\/\\\/biatech.pl\\\/biatech\\\/serwis-urzadzen-przeciwpozarowych\\\/htest\\\/#breadcrumb\",\"itemListElement\":[{\"@type\":\"ListItem\",\"position\":1,\"name\":\"Strona g\u0142\u00f3wna\",\"item\":\"https:\\\/\\\/biatech.pl\\\/\"},{\"@type\":\"ListItem\",\"position\":2,\"name\":\"Biatech Sp. z o.o.\",\"item\":\"https:\\\/\\\/biatech.pl\\\/biatech\\\/\"},{\"@type\":\"ListItem\",\"position\":3,\"name\":\"Serwis urz\u0105dze\u0144 przeciwpo\u017carowych\",\"item\":\"https:\\\/\\\/biatech.pl\\\/biatech\\\/serwis-urzadzen-przeciwpozarowych\\\/\"},{\"@type\":\"ListItem\",\"position\":4,\"name\":\"HATEST\"}]},{\"@type\":\"WebSite\",\"@id\":\"https:\\\/\\\/biatech.pl\\\/#website\",\"url\":\"https:\\\/\\\/biatech.pl\\\/\",\"name\":\"BIATECH sp. z o.o.\",\"description\":\"Producent narz\u0119dzi do badania hydrant\u00f3w\",\"publisher\":{\"@id\":\"https:\\\/\\\/biatech.pl\\\/#organization\"},\"alternateName\":\"Firma BIATECH jest liderem w bran\u017cy bezpiecze\u0144stwa przeciwpo\u017carowego\",\"potentialAction\":[{\"@type\":\"SearchAction\",\"target\":{\"@type\":\"EntryPoint\",\"urlTemplate\":\"https:\\\/\\\/biatech.pl\\\/?s={search_term_string}\"},\"query-input\":{\"@type\":\"PropertyValueSpecification\",\"valueRequired\":true,\"valueName\":\"search_term_string\"}}],\"inLanguage\":\"en-GB\"},{\"@type\":\"Organization\",\"@id\":\"https:\\\/\\\/biatech.pl\\\/#organization\",\"name\":\"BIATECH Sp. z o.o.\",\"url\":\"https:\\\/\\\/biatech.pl\\\/\",\"logo\":{\"@type\":\"ImageObject\",\"inLanguage\":\"en-GB\",\"@id\":\"https:\\\/\\\/biatech.pl\\\/#\\\/schema\\\/logo\\\/image\\\/\",\"url\":\"https:\\\/\\\/biatech.pl\\\/wp-content\\\/uploads\\\/2021\\\/10\\\/biatech_favicon.png\",\"contentUrl\":\"https:\\\/\\\/biatech.pl\\\/wp-content\\\/uploads\\\/2021\\\/10\\\/biatech_favicon.png\",\"width\":512,\"height\":512,\"caption\":\"BIATECH Sp. z o.o.\"},\"image\":{\"@id\":\"https:\\\/\\\/biatech.pl\\\/#\\\/schema\\\/logo\\\/image\\\/\"},\"sameAs\":[\"https:\\\/\\\/www.facebook.com\\\/BIATECHPL\",\"https:\\\/\\\/www.linkedin.com\\\/company\\\/biatech-bialystok\"]}]}<\/script>\n<!-- \/ Yoast SEO Premium plugin. -->","yoast_head_json":{"title":"HATEST - BIATECH sp. z o.o.","description":"Narz\u0119dzia i urz\u0105dzenia do serwisu hydrant\u00f3w i badania wydajno\u015bci hydrant\u00f3w","robots":{"index":"index","follow":"follow","max-snippet":"max-snippet:-1","max-image-preview":"max-image-preview:large","max-video-preview":"max-video-preview:-1"},"canonical":"https:\/\/biatech.pl\/en\/biatech\/service-installation-protection-2\/flowboss-4\/","og_locale":"en_GB","og_type":"article","og_title":"HATEST","og_description":"Narz\u0119dzia i urz\u0105dzenia do serwisu hydrant\u00f3w i badania wydajno\u015bci hydrant\u00f3w","og_url":"https:\/\/biatech.pl\/en\/biatech\/service-installation-protection-2\/flowboss-4\/","og_site_name":"BIATECH sp. z o.o.","article_publisher":"https:\/\/www.facebook.com\/BIATECHPL","article_modified_time":"2024-06-22T11:12:20+00:00","og_image":[{"width":394,"height":394,"url":"https:\/\/biatech.pl\/wp-content\/uploads\/2021\/11\/HATEST.png","type":"image\/png"}],"twitter_card":"summary_large_image","twitter_misc":{"Estimated reading time":"2 minutes"},"schema":{"@context":"https:\/\/schema.org","@graph":[{"@type":"WebPage","@id":"https:\/\/biatech.pl\/biatech\/serwis-urzadzen-przeciwpozarowych\/htest\/","url":"https:\/\/biatech.pl\/biatech\/serwis-urzadzen-przeciwpozarowych\/htest\/","name":"HATEST - BIATECH sp. z o.o.","isPartOf":{"@id":"https:\/\/biatech.pl\/#website"},"primaryImageOfPage":{"@id":"https:\/\/biatech.pl\/biatech\/serwis-urzadzen-przeciwpozarowych\/htest\/#primaryimage"},"image":{"@id":"https:\/\/biatech.pl\/biatech\/serwis-urzadzen-przeciwpozarowych\/htest\/#primaryimage"},"thumbnailUrl":"https:\/\/biatech.pl\/wp-content\/uploads\/2021\/11\/HATEST.png","datePublished":"2021-11-04T08:53:33+00:00","dateModified":"2024-06-22T11:12:20+00:00","description":"Narz\u0119dzia i urz\u0105dzenia do serwisu hydrant\u00f3w i badania wydajno\u015bci hydrant\u00f3w","breadcrumb":{"@id":"https:\/\/biatech.pl\/biatech\/serwis-urzadzen-przeciwpozarowych\/htest\/#breadcrumb"},"inLanguage":"en-GB","potentialAction":[{"@type":"ReadAction","target":["https:\/\/biatech.pl\/biatech\/serwis-urzadzen-przeciwpozarowych\/htest\/"]}]},{"@type":"ImageObject","inLanguage":"en-GB","@id":"https:\/\/biatech.pl\/biatech\/serwis-urzadzen-przeciwpozarowych\/htest\/#primaryimage","url":"https:\/\/biatech.pl\/wp-content\/uploads\/2021\/11\/HATEST.png","contentUrl":"https:\/\/biatech.pl\/wp-content\/uploads\/2021\/11\/HATEST.png","width":394,"height":394,"caption":"Urz\u0105dzenie do badania hydrant\u00f3w nieinwazyjny pomiar przep\u0142ywu hydrant\u00f3w narz\u0119dzia do badania hydrant\u00f3w"},{"@type":"BreadcrumbList","@id":"https:\/\/biatech.pl\/biatech\/serwis-urzadzen-przeciwpozarowych\/htest\/#breadcrumb","itemListElement":[{"@type":"ListItem","position":1,"name":"Strona g\u0142\u00f3wna","item":"https:\/\/biatech.pl\/"},{"@type":"ListItem","position":2,"name":"Biatech Sp. z o.o.","item":"https:\/\/biatech.pl\/biatech\/"},{"@type":"ListItem","position":3,"name":"Serwis urz\u0105dze\u0144 przeciwpo\u017carowych","item":"https:\/\/biatech.pl\/biatech\/serwis-urzadzen-przeciwpozarowych\/"},{"@type":"ListItem","position":4,"name":"HATEST"}]},{"@type":"WebSite","@id":"https:\/\/biatech.pl\/#website","url":"https:\/\/biatech.pl\/","name":"BIATECH sp. z o.o.","description":"Manufacturer of hydrant testing tools","publisher":{"@id":"https:\/\/biatech.pl\/#organization"},"alternateName":"Firma BIATECH jest liderem w bran\u017cy bezpiecze\u0144stwa przeciwpo\u017carowego","potentialAction":[{"@type":"SearchAction","target":{"@type":"EntryPoint","urlTemplate":"https:\/\/biatech.pl\/?s={search_term_string}"},"query-input":{"@type":"PropertyValueSpecification","valueRequired":true,"valueName":"search_term_string"}}],"inLanguage":"en-GB"},{"@type":"Organization","@id":"https:\/\/biatech.pl\/#organization","name":"BIATECH Sp. z o.o.","url":"https:\/\/biatech.pl\/","logo":{"@type":"ImageObject","inLanguage":"en-GB","@id":"https:\/\/biatech.pl\/#\/schema\/logo\/image\/","url":"https:\/\/biatech.pl\/wp-content\/uploads\/2021\/10\/biatech_favicon.png","contentUrl":"https:\/\/biatech.pl\/wp-content\/uploads\/2021\/10\/biatech_favicon.png","width":512,"height":512,"caption":"BIATECH Sp. z o.o."},"image":{"@id":"https:\/\/biatech.pl\/#\/schema\/logo\/image\/"},"sameAs":["https:\/\/www.facebook.com\/BIATECHPL","https:\/\/www.linkedin.com\/company\/biatech-bialystok"]}]}},"_links":{"self":[{"href":"https:\/\/biatech.pl\/en\/wp-json\/wp\/v2\/pages\/725","targetHints":{"allow":["GET"]}}],"collection":[{"href":"https:\/\/biatech.pl\/en\/wp-json\/wp\/v2\/pages"}],"about":[{"href":"https:\/\/biatech.pl\/en\/wp-json\/wp\/v2\/types\/page"}],"author":[{"embeddable":true,"href":"https:\/\/biatech.pl\/en\/wp-json\/wp\/v2\/users\/2"}],"replies":[{"embeddable":true,"href":"https:\/\/biatech.pl\/en\/wp-json\/wp\/v2\/comments?post=725"}],"version-history":[{"count":3,"href":"https:\/\/biatech.pl\/en\/wp-json\/wp\/v2\/pages\/725\/revisions"}],"predecessor-version":[{"id":254795,"href":"https:\/\/biatech.pl\/en\/wp-json\/wp\/v2\/pages\/725\/revisions\/254795"}],"up":[{"embeddable":true,"href":"https:\/\/biatech.pl\/en\/wp-json\/wp\/v2\/pages\/303"}],"wp:featuredmedia":[{"embeddable":true,"href":"https:\/\/biatech.pl\/en\/wp-json\/wp\/v2\/media\/651"}],"wp:attachment":[{"href":"https:\/\/biatech.pl\/en\/wp-json\/wp\/v2\/media?parent=725"}],"curies":[{"name":"wp","href":"https:\/\/api.w.org\/{rel}","templated":true}]}}